{"id":5388,"date":"2022-06-21T08:52:39","date_gmt":"2022-06-21T08:52:39","guid":{"rendered":"https:\/\/friisvegen.no\/camping\/"},"modified":"2025-08-19T07:04:47","modified_gmt":"2025-08-19T06:04:47","slug":"camping","status":"publish","type":"page","link":"https:\/\/friisvegen.no\/no\/camping\/","title":{"rendered":"Campingplass"},"content":{"rendered":"\n<h3 class=\"wp-block-heading\"><strong>Velkommen med campingvogner, bobiler eller tel<\/strong><\/h3>\n\n\n\n<p>Reisende p\u00e5 gjennomreise i denne vakre delen av Norge er hjertelig velkomne! En del av campingplassen er til v\u00e5re korttidsgjester.  Det er ikke mulig \/ n\u00f8dvendig \u00e5 reservere, kun drop-in. Det er ikke faste oppstillingsplasser, husk \u00e5 holde avstand til naboen.&nbsp;<\/p>\n\n\n\n<p>\ud83d\udcc5<strong>&nbsp;Trenger ikke \u00e5 reservere&nbsp;<\/strong>\u2013 drop- in!<br>\ud83d\udc49&nbsp;Hvis du \u00f8nsker \u00e5 reservere p\u00e5 forh\u00e5nd, kan du bruke v\u00e5r partner, bare for camping<\/p>\n\n\n\n<div class=\"wp-block-button\"><a class=\"btn-more\" target=\"_blank\" href=\"https:\/\/campio.no\/en\/campsite\/friisvegen-turistsenter-masaplassen?rid=60bfccbe67d01f20b7644717\">reservere p\u00e5 forh\u00e5nd campio.no<\/a><\/div>\n\n\n\n<p> <\/p>\n\n\n\n<p>Ha du sp\u00f8rsm\u00e5l? Bare ring oss<\/p>\n\n\n\n<h3 class=\"wp-block-heading\"><strong>Egenskaper<\/strong><\/h3>\n\n\n\n<p>\ud83d\udebb <strong>D\u00f8gn\u00e5pne sanit\u00e6ranlegg<\/strong> i gangavstand.\u00a0<br>\ud83d\udebf\u00a0<strong>Dusj poletter<\/strong>\u00a0kj\u00f8pes i resepsjonen<br><span style=\"font-family: -webkit-standard; font-size: medium; white-space: normal;\">\u26a1<\/span>\u00a0<strong>Tilgang til str\u00f8m <\/strong>(16 amp kurs)<br>\ud83e\uddfa<strong> Rom<\/strong> med vaskemaskin og t\u00f8rketrommel <br>\ud83c\udf7d\ufe0f\u00a0<strong>Oppvaskbenk<\/strong> (ikke muligheter for \u00e5 lage mat)<br> \ud83d\udebd<strong>\u00a0T\u00f8mme chemical toilet\u00a0<\/strong>er mulig <br>\ud83d\udc3e\u00a0<strong>Hysdyr <\/strong>tillatt \u00a0<br>\ud83d\udcf6\u00a0<strong>WiFi<\/strong>\u00a0(ikke for streaming)<\/p>\n","protected":false},"excerpt":{"rendered":"<p>Velkommen med campingvogner, bobiler eller tel Reisende p\u00e5 gjennomreise i denne vakre delen av Norge er hjertelig velkomne! En del av campingplassen er til v\u00e5re korttidsgjester. Det er ikke mulig \/ n\u00f8dvendig \u00e5 reservere, kun drop-in. Det er ikke faste oppstillingsplasser, husk \u00e5 holde avstand til naboen.&nbsp; \ud83d\udcc5&nbsp;Trenger ikke \u00e5 reservere&nbsp;\u2013 drop- in!\ud83d\udc49&nbsp;Hvis du \u00f8nsker [&hellip;]<\/p>\n","protected":false},"author":1,"featured_media":137015,"parent":0,"menu_order":40,"comment_status":"closed","ping_status":"closed","template":"kolom-page.php","meta":{"_acf_changed":false,"footnotes":""},"class_list":["post-5388","page","type-page","status-publish","has-post-thumbnail","hentry"],"acf":[],"yoast_head":"<!-- This site is optimized with the Yoast SEO plugin v27.4 - https:\/\/yoast.com\/product\/yoast-seo-wordpress\/ -->\n<title>Campingplass &#8226; Friisvegen M\u00e5s\u00e5plassen<\/title>\n<meta name=\"robots\" content=\"index, follow, max-snippet:-1, max-image-preview:large, max-video-preview:-1\" \/>\n<link rel=\"canonical\" href=\"https:\/\/friisvegen.no\/no\/camping\/\" \/>\n<meta property=\"og:locale\" content=\"nb_NO\" \/>\n<meta property=\"og:type\" content=\"article\" \/>\n<meta property=\"og:title\" content=\"Campingplass &#8226; Friisvegen M\u00e5s\u00e5plassen\" \/>\n<meta property=\"og:description\" content=\"Velkommen med campingvogner, bobiler eller tel Reisende p\u00e5 gjennomreise i denne vakre delen av Norge er hjertelig velkomne! En del av campingplassen er til v\u00e5re korttidsgjester. Det er ikke mulig \/ n\u00f8dvendig \u00e5 reservere, kun drop-in. Det er ikke faste oppstillingsplasser, husk \u00e5 holde avstand til naboen.&nbsp; \ud83d\udcc5&nbsp;Trenger ikke \u00e5 reservere&nbsp;\u2013 drop- in!\ud83d\udc49&nbsp;Hvis du \u00f8nsker [&hellip;]\" \/>\n<meta property=\"og:url\" content=\"https:\/\/friisvegen.no\/no\/camping\/\" \/>\n<meta property=\"og:site_name\" content=\"Friisvegen M\u00e5s\u00e5plassen\" \/>\n<meta property=\"article:publisher\" content=\"https:\/\/www.facebook.com\/Ftmasaplassen\" \/>\n<meta property=\"article:modified_time\" content=\"2025-08-19T06:04:47+00:00\" \/>\n<meta property=\"og:image\" content=\"https:\/\/friisvegen.no\/wp-content\/uploads\/2025\/05\/camping2025-header.jpg\" \/>\n\t<meta property=\"og:image:width\" content=\"1920\" \/>\n\t<meta property=\"og:image:height\" content=\"720\" \/>\n\t<meta property=\"og:image:type\" content=\"image\/jpeg\" \/>\n<meta name=\"twitter:card\" content=\"summary_large_image\" \/>\n<meta name=\"twitter:label1\" content=\"Ansl. lesetid\" \/>\n\t<meta name=\"twitter:data1\" content=\"3 minutter\" \/>\n<script type=\"application\/ld+json\" class=\"yoast-schema-graph\">{\"@context\":\"https:\\\/\\\/schema.org\",\"@graph\":[{\"@type\":\"WebPage\",\"@id\":\"https:\\\/\\\/friisvegen.no\\\/no\\\/camping\\\/\",\"url\":\"https:\\\/\\\/friisvegen.no\\\/no\\\/camping\\\/\",\"name\":\"Campingplass &#8226; Friisvegen M\u00e5s\u00e5plassen\",\"isPartOf\":{\"@id\":\"https:\\\/\\\/friisvegen.no\\\/no\\\/#website\"},\"primaryImageOfPage\":{\"@id\":\"https:\\\/\\\/friisvegen.no\\\/no\\\/camping\\\/#primaryimage\"},\"image\":{\"@id\":\"https:\\\/\\\/friisvegen.no\\\/no\\\/camping\\\/#primaryimage\"},\"thumbnailUrl\":\"https:\\\/\\\/friisvegen.no\\\/wp-content\\\/uploads\\\/2025\\\/05\\\/camping2025-header.jpg\",\"datePublished\":\"2022-06-21T08:52:39+00:00\",\"dateModified\":\"2025-08-19T06:04:47+00:00\",\"breadcrumb\":{\"@id\":\"https:\\\/\\\/friisvegen.no\\\/no\\\/camping\\\/#breadcrumb\"},\"inLanguage\":\"nb-NO\",\"potentialAction\":[{\"@type\":\"ReadAction\",\"target\":[\"https:\\\/\\\/friisvegen.no\\\/no\\\/camping\\\/\"]}]},{\"@type\":\"ImageObject\",\"inLanguage\":\"nb-NO\",\"@id\":\"https:\\\/\\\/friisvegen.no\\\/no\\\/camping\\\/#primaryimage\",\"url\":\"https:\\\/\\\/friisvegen.no\\\/wp-content\\\/uploads\\\/2025\\\/05\\\/camping2025-header.jpg\",\"contentUrl\":\"https:\\\/\\\/friisvegen.no\\\/wp-content\\\/uploads\\\/2025\\\/05\\\/camping2025-header.jpg\",\"width\":1920,\"height\":720},{\"@type\":\"BreadcrumbList\",\"@id\":\"https:\\\/\\\/friisvegen.no\\\/no\\\/camping\\\/#breadcrumb\",\"itemListElement\":[{\"@type\":\"ListItem\",\"position\":1,\"name\":\"Home\",\"item\":\"https:\\\/\\\/friisvegen.no\\\/no\\\/hjem\\\/\"},{\"@type\":\"ListItem\",\"position\":2,\"name\":\"Campingplass\"}]},{\"@type\":\"WebSite\",\"@id\":\"https:\\\/\\\/friisvegen.no\\\/no\\\/#website\",\"url\":\"https:\\\/\\\/friisvegen.no\\\/no\\\/\",\"name\":\"Friisvegen M\u00e5s\u00e5plassen\",\"description\":\"a place where magical moments can be found in nature\",\"potentialAction\":[{\"@type\":\"SearchAction\",\"target\":{\"@type\":\"EntryPoint\",\"urlTemplate\":\"https:\\\/\\\/friisvegen.no\\\/no\\\/?s={search_term_string}\"},\"query-input\":{\"@type\":\"PropertyValueSpecification\",\"valueRequired\":true,\"valueName\":\"search_term_string\"}}],\"inLanguage\":\"nb-NO\"}]}<\/script>\n<!-- \/ Yoast SEO plugin. -->","yoast_head_json":{"title":"Campingplass &#8226; Friisvegen M\u00e5s\u00e5plassen","robots":{"index":"index","follow":"follow","max-snippet":"max-snippet:-1","max-image-preview":"max-image-preview:large","max-video-preview":"max-video-preview:-1"},"canonical":"https:\/\/friisvegen.no\/no\/camping\/","og_locale":"nb_NO","og_type":"article","og_title":"Campingplass &#8226; Friisvegen M\u00e5s\u00e5plassen","og_description":"Velkommen med campingvogner, bobiler eller tel Reisende p\u00e5 gjennomreise i denne vakre delen av Norge er hjertelig velkomne! En del av campingplassen er til v\u00e5re korttidsgjester. Det er ikke mulig \/ n\u00f8dvendig \u00e5 reservere, kun drop-in. Det er ikke faste oppstillingsplasser, husk \u00e5 holde avstand til naboen.&nbsp; \ud83d\udcc5&nbsp;Trenger ikke \u00e5 reservere&nbsp;\u2013 drop- in!\ud83d\udc49&nbsp;Hvis du \u00f8nsker [&hellip;]","og_url":"https:\/\/friisvegen.no\/no\/camping\/","og_site_name":"Friisvegen M\u00e5s\u00e5plassen","article_publisher":"https:\/\/www.facebook.com\/Ftmasaplassen","article_modified_time":"2025-08-19T06:04:47+00:00","og_image":[{"width":1920,"height":720,"url":"https:\/\/friisvegen.no\/wp-content\/uploads\/2025\/05\/camping2025-header.jpg","type":"image\/jpeg"}],"twitter_card":"summary_large_image","twitter_misc":{"Ansl. lesetid":"3 minutter"},"schema":{"@context":"https:\/\/schema.org","@graph":[{"@type":"WebPage","@id":"https:\/\/friisvegen.no\/no\/camping\/","url":"https:\/\/friisvegen.no\/no\/camping\/","name":"Campingplass &#8226; Friisvegen M\u00e5s\u00e5plassen","isPartOf":{"@id":"https:\/\/friisvegen.no\/no\/#website"},"primaryImageOfPage":{"@id":"https:\/\/friisvegen.no\/no\/camping\/#primaryimage"},"image":{"@id":"https:\/\/friisvegen.no\/no\/camping\/#primaryimage"},"thumbnailUrl":"https:\/\/friisvegen.no\/wp-content\/uploads\/2025\/05\/camping2025-header.jpg","datePublished":"2022-06-21T08:52:39+00:00","dateModified":"2025-08-19T06:04:47+00:00","breadcrumb":{"@id":"https:\/\/friisvegen.no\/no\/camping\/#breadcrumb"},"inLanguage":"nb-NO","potentialAction":[{"@type":"ReadAction","target":["https:\/\/friisvegen.no\/no\/camping\/"]}]},{"@type":"ImageObject","inLanguage":"nb-NO","@id":"https:\/\/friisvegen.no\/no\/camping\/#primaryimage","url":"https:\/\/friisvegen.no\/wp-content\/uploads\/2025\/05\/camping2025-header.jpg","contentUrl":"https:\/\/friisvegen.no\/wp-content\/uploads\/2025\/05\/camping2025-header.jpg","width":1920,"height":720},{"@type":"BreadcrumbList","@id":"https:\/\/friisvegen.no\/no\/camping\/#breadcrumb","itemListElement":[{"@type":"ListItem","position":1,"name":"Home","item":"https:\/\/friisvegen.no\/no\/hjem\/"},{"@type":"ListItem","position":2,"name":"Campingplass"}]},{"@type":"WebSite","@id":"https:\/\/friisvegen.no\/no\/#website","url":"https:\/\/friisvegen.no\/no\/","name":"Friisvegen M\u00e5s\u00e5plassen","description":"a place where magical moments can be found in nature","potentialAction":[{"@type":"SearchAction","target":{"@type":"EntryPoint","urlTemplate":"https:\/\/friisvegen.no\/no\/?s={search_term_string}"},"query-input":{"@type":"PropertyValueSpecification","valueRequired":true,"valueName":"search_term_string"}}],"inLanguage":"nb-NO"}]}},"_links":{"self":[{"href":"https:\/\/friisvegen.no\/no\/wp-json\/wp\/v2\/pages\/5388","targetHints":{"allow":["GET"]}}],"collection":[{"href":"https:\/\/friisvegen.no\/no\/wp-json\/wp\/v2\/pages"}],"about":[{"href":"https:\/\/friisvegen.no\/no\/wp-json\/wp\/v2\/types\/page"}],"author":[{"embeddable":true,"href":"https:\/\/friisvegen.no\/no\/wp-json\/wp\/v2\/users\/1"}],"replies":[{"embeddable":true,"href":"https:\/\/friisvegen.no\/no\/wp-json\/wp\/v2\/comments?post=5388"}],"version-history":[{"count":36,"href":"https:\/\/friisvegen.no\/no\/wp-json\/wp\/v2\/pages\/5388\/revisions"}],"predecessor-version":[{"id":139451,"href":"https:\/\/friisvegen.no\/no\/wp-json\/wp\/v2\/pages\/5388\/revisions\/139451"}],"wp:featuredmedia":[{"embeddable":true,"href":"https:\/\/friisvegen.no\/no\/wp-json\/wp\/v2\/media\/137015"}],"wp:attachment":[{"href":"https:\/\/friisvegen.no\/no\/wp-json\/wp\/v2\/media?parent=5388"}],"curies":[{"name":"wp","href":"https:\/\/api.w.org\/{rel}","templated":true}]}}