{"id":486,"date":"2022-01-03T10:18:26","date_gmt":"2022-01-03T10:18:26","guid":{"rendered":"https:\/\/friisvegen.no\/cabins\/"},"modified":"2024-12-30T11:09:16","modified_gmt":"2024-12-30T10:09:16","slug":"hytter","status":"publish","type":"page","link":"https:\/\/friisvegen.no\/no\/hytter-camping\/hytter\/","title":{"rendered":"Hytter"},"content":{"rendered":"\n<h2 class=\"wp-block-heading\" id=\"overnatt-i-fantastiske-omgivelser-med-folelsen-av-at-du-er-midt-i-ingensteds\">Overnatt i fantastiske omgivelser med f\u00f8lelsen av at du er midt i ingensteds.<\/h2>\n\n\n\n<p>Vi kan tilby ulike muligheter for overnatting. Tradisjonelle og moderne hytter, med alle fasiliteter du trenger for \u00e5 holde deg komplett. For alenereisende, grupper, kolleger, venner og familie er alle velkommen. For grupper er det mulig \u00e5 leie flere hytter som ligger n\u00e6r hverandre. M\u00e5s\u00e5plassens magi \u2013 Friisvegen ute i naturen, fortsatt autentisk men i et nytt moderne utseende med all den komporten og stilen du leter etter.<\/p>\n\n\n\n<p>Al-hyttene har sin egen karakter, utseende og st\u00f8rrelse. Vi har hytter med 2 soverom og 3 soverom inntil 6 sengeplasser. Du er velkommen til \u00e5 spise middag i v\u00e5r kafeteria, eller for take away og nyte m\u00e5ltidet p\u00e5 hytta.<\/p>\n\n\n\n<div class=\"wp-block-group\"><div class=\"wp-block-group__inner-container is-layout-constrained wp-block-group-is-layout-constrained\">\n<p class=\"has-text-align-left\"><strong>Praktisk info elbillader:  <\/strong> Vi har 2 Zaptec ladere (7.2KW) p\u00e5 hovedparkeringen. Du m\u00e5 ha enten ladebrikke eller appen Charge365 for \u00e5 lade. Du m\u00e5 ha med egen ladekabel.<\/p>\n<\/div><\/div>\n\n\n\n<div class=\"wp-block-group\"><div class=\"wp-block-group__inner-container is-layout-constrained wp-block-group-is-layout-constrained\">\n<div class=\"wp-block-group\"><div class=\"wp-block-group__inner-container is-layout-constrained wp-block-group-is-layout-constrained\">\n<p class=\"has-text-align-left\"><strong>Avbestillingsbetingelser<\/strong><br>Du kan avbestille gratis inntil 14 dager f\u00f8r innsjekkingsdagen.&nbsp;Ved avbestilling mindre en 14 dager f\u00f8r ankomst, gjelder reglene nedenfor. <\/p>\n\n\n\n<ul class=\"wp-block-list\">\n<li>Ved avbestilling 14 til 7 dager 25% fra leiesummen&nbsp;&nbsp;&nbsp;&nbsp;<\/li>\n\n\n\n<li>Ved avbestilling 7 til 3 dager 50% fra leiesummen&nbsp; &nbsp; &nbsp; &nbsp; &nbsp; &nbsp; &nbsp;&nbsp;&nbsp;&nbsp;&nbsp;&nbsp;&nbsp;&nbsp;&nbsp;<\/li>\n\n\n\n<li>Ved avbestilling 3 dager til oppstart&nbsp;75% fra leiesummen&nbsp;<\/li>\n<\/ul>\n<\/div><\/div>\n<\/div><\/div>\n","protected":false},"excerpt":{"rendered":"<p>Overnatt i fantastiske omgivelser med f\u00f8lelsen av at du er midt i ingensteds. Vi kan tilby ulike muligheter for overnatting. Tradisjonelle og moderne hytter, med alle fasiliteter du trenger for \u00e5 holde deg komplett. For alenereisende, grupper, kolleger, venner og familie er alle velkommen. For grupper er det mulig \u00e5 leie flere hytter som ligger [&hellip;]<\/p>\n","protected":false},"author":1,"featured_media":127767,"parent":1084,"menu_order":1,"comment_status":"closed","ping_status":"closed","template":"accommodations-page.php","meta":{"_acf_changed":false,"footnotes":""},"class_list":["post-486","page","type-page","status-publish","has-post-thumbnail","hentry"],"acf":[],"yoast_head":"<!-- This site is optimized with the Yoast SEO plugin v27.4 - https:\/\/yoast.com\/product\/yoast-seo-wordpress\/ -->\n<title>Hytter &#8226; Friisvegen M\u00e5s\u00e5plassen<\/title>\n<meta name=\"robots\" content=\"index, follow, max-snippet:-1, max-image-preview:large, max-video-preview:-1\" \/>\n<link rel=\"canonical\" href=\"https:\/\/friisvegen.no\/no\/hytter-camping\/hytter\/\" \/>\n<meta property=\"og:locale\" content=\"nb_NO\" \/>\n<meta property=\"og:type\" content=\"article\" \/>\n<meta property=\"og:title\" content=\"Hytter &#8226; Friisvegen M\u00e5s\u00e5plassen\" \/>\n<meta property=\"og:description\" content=\"Overnatt i fantastiske omgivelser med f\u00f8lelsen av at du er midt i ingensteds. Vi kan tilby ulike muligheter for overnatting. Tradisjonelle og moderne hytter, med alle fasiliteter du trenger for \u00e5 holde deg komplett. For alenereisende, grupper, kolleger, venner og familie er alle velkommen. For grupper er det mulig \u00e5 leie flere hytter som ligger [&hellip;]\" \/>\n<meta property=\"og:url\" content=\"https:\/\/friisvegen.no\/no\/hytter-camping\/hytter\/\" \/>\n<meta property=\"og:site_name\" content=\"Friisvegen M\u00e5s\u00e5plassen\" \/>\n<meta property=\"article:publisher\" content=\"https:\/\/www.facebook.com\/Ftmasaplassen\" \/>\n<meta property=\"article:modified_time\" content=\"2024-12-30T10:09:16+00:00\" \/>\n<meta property=\"og:image\" content=\"https:\/\/friisvegen.no\/wp-content\/uploads\/2024\/01\/our-cabins-2024.jpg\" \/>\n\t<meta property=\"og:image:width\" content=\"2500\" \/>\n\t<meta property=\"og:image:height\" content=\"938\" \/>\n\t<meta property=\"og:image:type\" content=\"image\/jpeg\" \/>\n<meta name=\"twitter:card\" content=\"summary_large_image\" \/>\n<meta name=\"twitter:label1\" content=\"Ansl. lesetid\" \/>\n\t<meta name=\"twitter:data1\" content=\"2 minutter\" \/>\n<script type=\"application\/ld+json\" class=\"yoast-schema-graph\">{\"@context\":\"https:\\\/\\\/schema.org\",\"@graph\":[{\"@type\":\"WebPage\",\"@id\":\"https:\\\/\\\/friisvegen.no\\\/no\\\/hytter-camping\\\/hytter\\\/\",\"url\":\"https:\\\/\\\/friisvegen.no\\\/no\\\/hytter-camping\\\/hytter\\\/\",\"name\":\"Hytter &#8226; Friisvegen M\u00e5s\u00e5plassen\",\"isPartOf\":{\"@id\":\"https:\\\/\\\/friisvegen.no\\\/no\\\/#website\"},\"primaryImageOfPage\":{\"@id\":\"https:\\\/\\\/friisvegen.no\\\/no\\\/hytter-camping\\\/hytter\\\/#primaryimage\"},\"image\":{\"@id\":\"https:\\\/\\\/friisvegen.no\\\/no\\\/hytter-camping\\\/hytter\\\/#primaryimage\"},\"thumbnailUrl\":\"https:\\\/\\\/friisvegen.no\\\/wp-content\\\/uploads\\\/2024\\\/01\\\/our-cabins-2024.jpg\",\"datePublished\":\"2022-01-03T10:18:26+00:00\",\"dateModified\":\"2024-12-30T10:09:16+00:00\",\"breadcrumb\":{\"@id\":\"https:\\\/\\\/friisvegen.no\\\/no\\\/hytter-camping\\\/hytter\\\/#breadcrumb\"},\"inLanguage\":\"nb-NO\",\"potentialAction\":[{\"@type\":\"ReadAction\",\"target\":[\"https:\\\/\\\/friisvegen.no\\\/no\\\/hytter-camping\\\/hytter\\\/\"]}]},{\"@type\":\"ImageObject\",\"inLanguage\":\"nb-NO\",\"@id\":\"https:\\\/\\\/friisvegen.no\\\/no\\\/hytter-camping\\\/hytter\\\/#primaryimage\",\"url\":\"https:\\\/\\\/friisvegen.no\\\/wp-content\\\/uploads\\\/2024\\\/01\\\/our-cabins-2024.jpg\",\"contentUrl\":\"https:\\\/\\\/friisvegen.no\\\/wp-content\\\/uploads\\\/2024\\\/01\\\/our-cabins-2024.jpg\",\"width\":2500,\"height\":938},{\"@type\":\"BreadcrumbList\",\"@id\":\"https:\\\/\\\/friisvegen.no\\\/no\\\/hytter-camping\\\/hytter\\\/#breadcrumb\",\"itemListElement\":[{\"@type\":\"ListItem\",\"position\":1,\"name\":\"Home\",\"item\":\"https:\\\/\\\/friisvegen.no\\\/no\\\/hjem\\\/\"},{\"@type\":\"ListItem\",\"position\":2,\"name\":\"Hytter &#038; Camping\",\"item\":\"https:\\\/\\\/friisvegen.no\\\/no\\\/hytter-camping\\\/\"},{\"@type\":\"ListItem\",\"position\":3,\"name\":\"Hytter\"}]},{\"@type\":\"WebSite\",\"@id\":\"https:\\\/\\\/friisvegen.no\\\/no\\\/#website\",\"url\":\"https:\\\/\\\/friisvegen.no\\\/no\\\/\",\"name\":\"Friisvegen M\u00e5s\u00e5plassen\",\"description\":\"a place where magical moments can be found in nature\",\"potentialAction\":[{\"@type\":\"SearchAction\",\"target\":{\"@type\":\"EntryPoint\",\"urlTemplate\":\"https:\\\/\\\/friisvegen.no\\\/no\\\/?s={search_term_string}\"},\"query-input\":{\"@type\":\"PropertyValueSpecification\",\"valueRequired\":true,\"valueName\":\"search_term_string\"}}],\"inLanguage\":\"nb-NO\"}]}<\/script>\n<!-- \/ Yoast SEO plugin. -->","yoast_head_json":{"title":"Hytter &#8226; Friisvegen M\u00e5s\u00e5plassen","robots":{"index":"index","follow":"follow","max-snippet":"max-snippet:-1","max-image-preview":"max-image-preview:large","max-video-preview":"max-video-preview:-1"},"canonical":"https:\/\/friisvegen.no\/no\/hytter-camping\/hytter\/","og_locale":"nb_NO","og_type":"article","og_title":"Hytter &#8226; Friisvegen M\u00e5s\u00e5plassen","og_description":"Overnatt i fantastiske omgivelser med f\u00f8lelsen av at du er midt i ingensteds. Vi kan tilby ulike muligheter for overnatting. Tradisjonelle og moderne hytter, med alle fasiliteter du trenger for \u00e5 holde deg komplett. For alenereisende, grupper, kolleger, venner og familie er alle velkommen. For grupper er det mulig \u00e5 leie flere hytter som ligger [&hellip;]","og_url":"https:\/\/friisvegen.no\/no\/hytter-camping\/hytter\/","og_site_name":"Friisvegen M\u00e5s\u00e5plassen","article_publisher":"https:\/\/www.facebook.com\/Ftmasaplassen","article_modified_time":"2024-12-30T10:09:16+00:00","og_image":[{"width":2500,"height":938,"url":"https:\/\/friisvegen.no\/wp-content\/uploads\/2024\/01\/our-cabins-2024.jpg","type":"image\/jpeg"}],"twitter_card":"summary_large_image","twitter_misc":{"Ansl. lesetid":"2 minutter"},"schema":{"@context":"https:\/\/schema.org","@graph":[{"@type":"WebPage","@id":"https:\/\/friisvegen.no\/no\/hytter-camping\/hytter\/","url":"https:\/\/friisvegen.no\/no\/hytter-camping\/hytter\/","name":"Hytter &#8226; Friisvegen M\u00e5s\u00e5plassen","isPartOf":{"@id":"https:\/\/friisvegen.no\/no\/#website"},"primaryImageOfPage":{"@id":"https:\/\/friisvegen.no\/no\/hytter-camping\/hytter\/#primaryimage"},"image":{"@id":"https:\/\/friisvegen.no\/no\/hytter-camping\/hytter\/#primaryimage"},"thumbnailUrl":"https:\/\/friisvegen.no\/wp-content\/uploads\/2024\/01\/our-cabins-2024.jpg","datePublished":"2022-01-03T10:18:26+00:00","dateModified":"2024-12-30T10:09:16+00:00","breadcrumb":{"@id":"https:\/\/friisvegen.no\/no\/hytter-camping\/hytter\/#breadcrumb"},"inLanguage":"nb-NO","potentialAction":[{"@type":"ReadAction","target":["https:\/\/friisvegen.no\/no\/hytter-camping\/hytter\/"]}]},{"@type":"ImageObject","inLanguage":"nb-NO","@id":"https:\/\/friisvegen.no\/no\/hytter-camping\/hytter\/#primaryimage","url":"https:\/\/friisvegen.no\/wp-content\/uploads\/2024\/01\/our-cabins-2024.jpg","contentUrl":"https:\/\/friisvegen.no\/wp-content\/uploads\/2024\/01\/our-cabins-2024.jpg","width":2500,"height":938},{"@type":"BreadcrumbList","@id":"https:\/\/friisvegen.no\/no\/hytter-camping\/hytter\/#breadcrumb","itemListElement":[{"@type":"ListItem","position":1,"name":"Home","item":"https:\/\/friisvegen.no\/no\/hjem\/"},{"@type":"ListItem","position":2,"name":"Hytter &#038; Camping","item":"https:\/\/friisvegen.no\/no\/hytter-camping\/"},{"@type":"ListItem","position":3,"name":"Hytter"}]},{"@type":"WebSite","@id":"https:\/\/friisvegen.no\/no\/#website","url":"https:\/\/friisvegen.no\/no\/","name":"Friisvegen M\u00e5s\u00e5plassen","description":"a place where magical moments can be found in nature","potentialAction":[{"@type":"SearchAction","target":{"@type":"EntryPoint","urlTemplate":"https:\/\/friisvegen.no\/no\/?s={search_term_string}"},"query-input":{"@type":"PropertyValueSpecification","valueRequired":true,"valueName":"search_term_string"}}],"inLanguage":"nb-NO"}]}},"_links":{"self":[{"href":"https:\/\/friisvegen.no\/no\/wp-json\/wp\/v2\/pages\/486","targetHints":{"allow":["GET"]}}],"collection":[{"href":"https:\/\/friisvegen.no\/no\/wp-json\/wp\/v2\/pages"}],"about":[{"href":"https:\/\/friisvegen.no\/no\/wp-json\/wp\/v2\/types\/page"}],"author":[{"embeddable":true,"href":"https:\/\/friisvegen.no\/no\/wp-json\/wp\/v2\/users\/1"}],"replies":[{"embeddable":true,"href":"https:\/\/friisvegen.no\/no\/wp-json\/wp\/v2\/comments?post=486"}],"version-history":[{"count":12,"href":"https:\/\/friisvegen.no\/no\/wp-json\/wp\/v2\/pages\/486\/revisions"}],"predecessor-version":[{"id":132830,"href":"https:\/\/friisvegen.no\/no\/wp-json\/wp\/v2\/pages\/486\/revisions\/132830"}],"up":[{"embeddable":true,"href":"https:\/\/friisvegen.no\/no\/wp-json\/wp\/v2\/pages\/1084"}],"wp:featuredmedia":[{"embeddable":true,"href":"https:\/\/friisvegen.no\/no\/wp-json\/wp\/v2\/media\/127767"}],"wp:attachment":[{"href":"https:\/\/friisvegen.no\/no\/wp-json\/wp\/v2\/media?parent=486"}],"curies":[{"name":"wp","href":"https:\/\/api.w.org\/{rel}","templated":true}]}}