{"id":481,"date":"2022-01-04T11:34:03","date_gmt":"2022-01-04T11:34:03","guid":{"rendered":"https:\/\/friisvegen.no\/our-story\/"},"modified":"2025-05-21T18:17:38","modified_gmt":"2025-05-21T17:17:38","slug":"var-historie","status":"publish","type":"page","link":"https:\/\/friisvegen.no\/no\/var-historie\/","title":{"rendered":"V\u00e5r Historie"},"content":{"rendered":"\n<p>Hei, <\/p>\n\n\n\n<p>Vi er Ren\u00e9e og Maaike, et ektepar fra Oud-Beijerland, en liten by i n\u00e6rheten fra Rotterdam i Nederland. Sammen med v\u00e5re engelske bulldogger driver vi dette magiske stedet midt i hjertet av Norge.<\/p>\n\n\n\n<p>V\u00e5r kj\u00e6rlighet til Norge begynte i 2003. Det var det \u00e5ret vi for f\u00f8rste gang satte v\u00e5r fot i dette vakre landet. Freden, verdensrommet og den fantastiske naturen r\u00f8rte oss, og en dr\u00f8m ble f\u00f8dt: \u00e5 bo og jobbe her en dag.<\/p>\n\n\n\n<p>I l\u00f8pet av \u00e5rene fulgte mange ferier, men dr\u00f8mmen bleknet aldri.<\/p>\n\n\n\n<p>I 2021 fikk vi muligheten til \u00e5 overta Friisvegen M\u00e5s\u00e5plassen, stedet der v\u00e5r kj\u00e6rlighet til Norge hadde begynt for s\u00e5 mange \u00e5r siden. Vi n\u00f8lte ikke. Etter m\u00e5neder med forberedelser, planlegging og \u00e5 gi slipp, var tiden inne for \u00e5 ta steget.<\/p>\n\n\n\n<p>Etter m\u00e5neder med forberedelser, planlegging og \u00e5 gi slipp, tok vi spranget. Siden november 2021 har vi bodd og jobbet p\u00e5 Friisvegen M\u00e5s\u00e5plassen med stor lidenskap og glede. Hver eneste dag er vi takknemlige for stillheten, den ville skj\u00f8nnheten og friluftslivet \u2014 og vi elsker virkelig \u00e5 dele alt dette med gjestene v\u00e5re.<\/p>\n\n\n\n<p>Siden november 2021 har vi bodd og jobbet p\u00e5 Friisvegen M\u00e5s\u00e5plassen med stor lidenskap. Vi nyter freden og roen, den fantastiske naturen og friluftslivet hver dag, og vi elsker \u00e5 dele det med gjestene v\u00e5re.<\/p>\n\n\n\n<p>Endelig lever vi ut dr\u00f8mmen v\u00e5r. V\u00e5rt r\u00e5d til deg? Slutt aldri \u00e5 dr\u00f8mme, for uten dr\u00f8mmer ville s\u00e5 mange vakre ting aldri blitt til virkelighet!<\/p>\n\n\n\n<p><\/p>\n","protected":false},"excerpt":{"rendered":"<p>Hei, Vi er Ren\u00e9e og Maaike, et ektepar fra Oud-Beijerland, en liten by i n\u00e6rheten fra Rotterdam i Nederland. Sammen med v\u00e5re engelske bulldogger driver vi dette magiske stedet midt i hjertet av Norge. V\u00e5r kj\u00e6rlighet til Norge begynte i 2003. Det var det \u00e5ret vi for f\u00f8rste gang satte v\u00e5r fot i dette vakre [&hellip;]<\/p>\n","protected":false},"author":1,"featured_media":356,"parent":0,"menu_order":20,"comment_status":"closed","ping_status":"closed","template":"","meta":{"_acf_changed":false,"footnotes":""},"class_list":["post-481","page","type-page","status-publish","has-post-thumbnail","hentry"],"acf":[],"yoast_head":"<!-- This site is optimized with the Yoast SEO plugin v27.4 - https:\/\/yoast.com\/product\/yoast-seo-wordpress\/ -->\n<title>V\u00e5r Historie &#8226; Friisvegen M\u00e5s\u00e5plassen<\/title>\n<meta name=\"robots\" content=\"index, follow, max-snippet:-1, max-image-preview:large, max-video-preview:-1\" \/>\n<link rel=\"canonical\" href=\"https:\/\/friisvegen.no\/no\/var-historie\/\" \/>\n<meta property=\"og:locale\" content=\"nb_NO\" \/>\n<meta property=\"og:type\" content=\"article\" \/>\n<meta property=\"og:title\" content=\"V\u00e5r Historie &#8226; Friisvegen M\u00e5s\u00e5plassen\" \/>\n<meta property=\"og:description\" content=\"Hei, Vi er Ren\u00e9e og Maaike, et ektepar fra Oud-Beijerland, en liten by i n\u00e6rheten fra Rotterdam i Nederland. Sammen med v\u00e5re engelske bulldogger driver vi dette magiske stedet midt i hjertet av Norge. V\u00e5r kj\u00e6rlighet til Norge begynte i 2003. Det var det \u00e5ret vi for f\u00f8rste gang satte v\u00e5r fot i dette vakre [&hellip;]\" \/>\n<meta property=\"og:url\" content=\"https:\/\/friisvegen.no\/no\/var-historie\/\" \/>\n<meta property=\"og:site_name\" content=\"Friisvegen M\u00e5s\u00e5plassen\" \/>\n<meta property=\"article:publisher\" content=\"https:\/\/www.facebook.com\/Ftmasaplassen\" \/>\n<meta property=\"article:modified_time\" content=\"2025-05-21T17:17:38+00:00\" \/>\n<meta property=\"og:image\" content=\"https:\/\/friisvegen.no\/wp-content\/uploads\/2022\/01\/summer-or-winter.jpg\" \/>\n\t<meta property=\"og:image:width\" content=\"1920\" \/>\n\t<meta property=\"og:image:height\" content=\"720\" \/>\n\t<meta property=\"og:image:type\" content=\"image\/jpeg\" \/>\n<meta name=\"twitter:card\" content=\"summary_large_image\" \/>\n<meta name=\"twitter:label1\" content=\"Ansl. lesetid\" \/>\n\t<meta name=\"twitter:data1\" content=\"4 minutter\" \/>\n<script type=\"application\/ld+json\" class=\"yoast-schema-graph\">{\"@context\":\"https:\\\/\\\/schema.org\",\"@graph\":[{\"@type\":\"WebPage\",\"@id\":\"https:\\\/\\\/friisvegen.no\\\/no\\\/var-historie\\\/\",\"url\":\"https:\\\/\\\/friisvegen.no\\\/no\\\/var-historie\\\/\",\"name\":\"V\u00e5r Historie &#8226; Friisvegen M\u00e5s\u00e5plassen\",\"isPartOf\":{\"@id\":\"https:\\\/\\\/friisvegen.no\\\/no\\\/#website\"},\"primaryImageOfPage\":{\"@id\":\"https:\\\/\\\/friisvegen.no\\\/no\\\/var-historie\\\/#primaryimage\"},\"image\":{\"@id\":\"https:\\\/\\\/friisvegen.no\\\/no\\\/var-historie\\\/#primaryimage\"},\"thumbnailUrl\":\"https:\\\/\\\/friisvegen.no\\\/wp-content\\\/uploads\\\/2022\\\/01\\\/summer-or-winter.jpg\",\"datePublished\":\"2022-01-04T11:34:03+00:00\",\"dateModified\":\"2025-05-21T17:17:38+00:00\",\"breadcrumb\":{\"@id\":\"https:\\\/\\\/friisvegen.no\\\/no\\\/var-historie\\\/#breadcrumb\"},\"inLanguage\":\"nb-NO\",\"potentialAction\":[{\"@type\":\"ReadAction\",\"target\":[\"https:\\\/\\\/friisvegen.no\\\/no\\\/var-historie\\\/\"]}]},{\"@type\":\"ImageObject\",\"inLanguage\":\"nb-NO\",\"@id\":\"https:\\\/\\\/friisvegen.no\\\/no\\\/var-historie\\\/#primaryimage\",\"url\":\"https:\\\/\\\/friisvegen.no\\\/wp-content\\\/uploads\\\/2022\\\/01\\\/summer-or-winter.jpg\",\"contentUrl\":\"https:\\\/\\\/friisvegen.no\\\/wp-content\\\/uploads\\\/2022\\\/01\\\/summer-or-winter.jpg\",\"width\":1920,\"height\":720},{\"@type\":\"BreadcrumbList\",\"@id\":\"https:\\\/\\\/friisvegen.no\\\/no\\\/var-historie\\\/#breadcrumb\",\"itemListElement\":[{\"@type\":\"ListItem\",\"position\":1,\"name\":\"Home\",\"item\":\"https:\\\/\\\/friisvegen.no\\\/no\\\/hjem\\\/\"},{\"@type\":\"ListItem\",\"position\":2,\"name\":\"V\u00e5r Historie\"}]},{\"@type\":\"WebSite\",\"@id\":\"https:\\\/\\\/friisvegen.no\\\/no\\\/#website\",\"url\":\"https:\\\/\\\/friisvegen.no\\\/no\\\/\",\"name\":\"Friisvegen M\u00e5s\u00e5plassen\",\"description\":\"a place where magical moments can be found in nature\",\"potentialAction\":[{\"@type\":\"SearchAction\",\"target\":{\"@type\":\"EntryPoint\",\"urlTemplate\":\"https:\\\/\\\/friisvegen.no\\\/no\\\/?s={search_term_string}\"},\"query-input\":{\"@type\":\"PropertyValueSpecification\",\"valueRequired\":true,\"valueName\":\"search_term_string\"}}],\"inLanguage\":\"nb-NO\"}]}<\/script>\n<!-- \/ Yoast SEO plugin. -->","yoast_head_json":{"title":"V\u00e5r Historie &#8226; Friisvegen M\u00e5s\u00e5plassen","robots":{"index":"index","follow":"follow","max-snippet":"max-snippet:-1","max-image-preview":"max-image-preview:large","max-video-preview":"max-video-preview:-1"},"canonical":"https:\/\/friisvegen.no\/no\/var-historie\/","og_locale":"nb_NO","og_type":"article","og_title":"V\u00e5r Historie &#8226; Friisvegen M\u00e5s\u00e5plassen","og_description":"Hei, Vi er Ren\u00e9e og Maaike, et ektepar fra Oud-Beijerland, en liten by i n\u00e6rheten fra Rotterdam i Nederland. Sammen med v\u00e5re engelske bulldogger driver vi dette magiske stedet midt i hjertet av Norge. V\u00e5r kj\u00e6rlighet til Norge begynte i 2003. Det var det \u00e5ret vi for f\u00f8rste gang satte v\u00e5r fot i dette vakre [&hellip;]","og_url":"https:\/\/friisvegen.no\/no\/var-historie\/","og_site_name":"Friisvegen M\u00e5s\u00e5plassen","article_publisher":"https:\/\/www.facebook.com\/Ftmasaplassen","article_modified_time":"2025-05-21T17:17:38+00:00","og_image":[{"width":1920,"height":720,"url":"https:\/\/friisvegen.no\/wp-content\/uploads\/2022\/01\/summer-or-winter.jpg","type":"image\/jpeg"}],"twitter_card":"summary_large_image","twitter_misc":{"Ansl. lesetid":"4 minutter"},"schema":{"@context":"https:\/\/schema.org","@graph":[{"@type":"WebPage","@id":"https:\/\/friisvegen.no\/no\/var-historie\/","url":"https:\/\/friisvegen.no\/no\/var-historie\/","name":"V\u00e5r Historie &#8226; Friisvegen M\u00e5s\u00e5plassen","isPartOf":{"@id":"https:\/\/friisvegen.no\/no\/#website"},"primaryImageOfPage":{"@id":"https:\/\/friisvegen.no\/no\/var-historie\/#primaryimage"},"image":{"@id":"https:\/\/friisvegen.no\/no\/var-historie\/#primaryimage"},"thumbnailUrl":"https:\/\/friisvegen.no\/wp-content\/uploads\/2022\/01\/summer-or-winter.jpg","datePublished":"2022-01-04T11:34:03+00:00","dateModified":"2025-05-21T17:17:38+00:00","breadcrumb":{"@id":"https:\/\/friisvegen.no\/no\/var-historie\/#breadcrumb"},"inLanguage":"nb-NO","potentialAction":[{"@type":"ReadAction","target":["https:\/\/friisvegen.no\/no\/var-historie\/"]}]},{"@type":"ImageObject","inLanguage":"nb-NO","@id":"https:\/\/friisvegen.no\/no\/var-historie\/#primaryimage","url":"https:\/\/friisvegen.no\/wp-content\/uploads\/2022\/01\/summer-or-winter.jpg","contentUrl":"https:\/\/friisvegen.no\/wp-content\/uploads\/2022\/01\/summer-or-winter.jpg","width":1920,"height":720},{"@type":"BreadcrumbList","@id":"https:\/\/friisvegen.no\/no\/var-historie\/#breadcrumb","itemListElement":[{"@type":"ListItem","position":1,"name":"Home","item":"https:\/\/friisvegen.no\/no\/hjem\/"},{"@type":"ListItem","position":2,"name":"V\u00e5r Historie"}]},{"@type":"WebSite","@id":"https:\/\/friisvegen.no\/no\/#website","url":"https:\/\/friisvegen.no\/no\/","name":"Friisvegen M\u00e5s\u00e5plassen","description":"a place where magical moments can be found in nature","potentialAction":[{"@type":"SearchAction","target":{"@type":"EntryPoint","urlTemplate":"https:\/\/friisvegen.no\/no\/?s={search_term_string}"},"query-input":{"@type":"PropertyValueSpecification","valueRequired":true,"valueName":"search_term_string"}}],"inLanguage":"nb-NO"}]}},"_links":{"self":[{"href":"https:\/\/friisvegen.no\/no\/wp-json\/wp\/v2\/pages\/481","targetHints":{"allow":["GET"]}}],"collection":[{"href":"https:\/\/friisvegen.no\/no\/wp-json\/wp\/v2\/pages"}],"about":[{"href":"https:\/\/friisvegen.no\/no\/wp-json\/wp\/v2\/types\/page"}],"author":[{"embeddable":true,"href":"https:\/\/friisvegen.no\/no\/wp-json\/wp\/v2\/users\/1"}],"replies":[{"embeddable":true,"href":"https:\/\/friisvegen.no\/no\/wp-json\/wp\/v2\/comments?post=481"}],"version-history":[{"count":11,"href":"https:\/\/friisvegen.no\/no\/wp-json\/wp\/v2\/pages\/481\/revisions"}],"predecessor-version":[{"id":136867,"href":"https:\/\/friisvegen.no\/no\/wp-json\/wp\/v2\/pages\/481\/revisions\/136867"}],"wp:featuredmedia":[{"embeddable":true,"href":"https:\/\/friisvegen.no\/no\/wp-json\/wp\/v2\/media\/356"}],"wp:attachment":[{"href":"https:\/\/friisvegen.no\/no\/wp-json\/wp\/v2\/media?parent=481"}],"curies":[{"name":"wp","href":"https:\/\/api.w.org\/{rel}","templated":true}]}}