{"id":478,"date":"2022-01-03T11:08:27","date_gmt":"2022-01-03T11:08:27","guid":{"rendered":"https:\/\/friisvegen.no\/home\/"},"modified":"2025-07-11T09:39:35","modified_gmt":"2025-07-11T08:39:35","slug":"hjem","status":"publish","type":"page","link":"https:\/\/friisvegen.no\/no\/","title":{"rendered":"Hjem"},"content":{"rendered":"\n<h3 class=\"wp-block-heading\"><strong>Leter du etter eventyr? Friisvegen Fjellstue ligger i skyggen av \u00e5pne fjell med fantastisk utsikt, ikke langt fra Rondane nasjonalpark. Det er 900 meter over havet, akkurat der midt i ingensteds. Nyt naturen, freden og gjestfriheten v\u00e5r.<\/strong><\/h3>\n\n\n\n<p>Friisvegen Mountain Lodge er en liten og en ideell base for sommer eller vinter. Det er et ideelt reisem\u00e5l for langrennsski. Fra desember til f\u00f8rste 2 uke fra april er vinterforholdene stabile. Hos oss er det en koselig kafeteria\/servering hvor du nyter v\u00e5re deilige m\u00e5ltider. I v\u00e5r butikken \/ kiosk kan du finne en utvalg fra noen daglig varer. Sammen med v\u00e5re lokale partnere tilbyr vi et bredt spekter av aktiviteter som vil gj\u00f8re oppholdet ditt komplett.<\/p>\n\n\n\n<div class=\"wp-block-columns is-layout-flex wp-container-core-columns-is-layout-9d6595d7 wp-block-columns-is-layout-flex\">\n<div class=\"wp-block-column is-layout-flow wp-block-column-is-layout-flow\">\n<h3>Summer<\/h3><div class=\"embed-container\"><iframe id=\"ytplayer\" type=\"text\/html\" width=\"720\" height=\"405\"\nsrc=\"https:\/\/www.youtube.com\/embed\/Abud3806PjY\"\nframeborder=\"0\" allowfullscreen><\/iframe><\/div>\n<\/div>\n\n\n\n<div class=\"wp-block-column is-layout-flow wp-block-column-is-layout-flow\">\n<h3>Winter<\/h3><div class=\"embed-container\"><iframe id=\"ytplayer\" type=\"text\/html\" width=\"720\" height=\"405\"\nsrc=\"https:\/\/www.youtube.com\/embed\/4X9O7OdWlAU\"\nframeborder=\"0\" allowfullscreen><\/iframe><\/div>\n<\/div>\n<\/div>\n\n\n\n<h3 class=\"wp-block-heading\"><a class=\"btn-more\" href=\"https:\/\/friisvegen.no\/no\/hytter-camping\/hytter\/\">V\u00e5re hytter<\/a><\/h3>\n\n\n\n<p><\/p>\n","protected":false},"excerpt":{"rendered":"<p>Leter du etter eventyr? Friisvegen Fjellstue ligger i skyggen av \u00e5pne fjell med fantastisk utsikt, ikke langt fra Rondane nasjonalpark. Det er 900 meter over havet, akkurat der midt i ingensteds. Nyt naturen, freden og gjestfriheten v\u00e5r. Friisvegen Mountain Lodge er en liten og en ideell base for sommer eller vinter. Det er et ideelt [&hellip;]<\/p>\n","protected":false},"author":1,"featured_media":350,"parent":0,"menu_order":10,"comment_status":"closed","ping_status":"closed","template":"","meta":{"_acf_changed":false,"footnotes":""},"class_list":["post-478","page","type-page","status-publish","has-post-thumbnail","hentry"],"acf":[],"yoast_head":"<!-- This site is optimized with the Yoast SEO plugin v27.4 - https:\/\/yoast.com\/product\/yoast-seo-wordpress\/ -->\n<title>Hjem &#8226; Friisvegen M\u00e5s\u00e5plassen<\/title>\n<meta name=\"robots\" content=\"index, follow, max-snippet:-1, max-image-preview:large, max-video-preview:-1\" \/>\n<link rel=\"canonical\" href=\"https:\/\/friisvegen.no\/no\/\" \/>\n<meta property=\"og:locale\" content=\"nb_NO\" \/>\n<meta property=\"og:type\" content=\"article\" \/>\n<meta property=\"og:title\" content=\"Hjem &#8226; Friisvegen M\u00e5s\u00e5plassen\" \/>\n<meta property=\"og:description\" content=\"Leter du etter eventyr? Friisvegen Fjellstue ligger i skyggen av \u00e5pne fjell med fantastisk utsikt, ikke langt fra Rondane nasjonalpark. Det er 900 meter over havet, akkurat der midt i ingensteds. Nyt naturen, freden og gjestfriheten v\u00e5r. Friisvegen Mountain Lodge er en liten og en ideell base for sommer eller vinter. Det er et ideelt [&hellip;]\" \/>\n<meta property=\"og:url\" content=\"https:\/\/friisvegen.no\/no\/\" \/>\n<meta property=\"og:site_name\" content=\"Friisvegen M\u00e5s\u00e5plassen\" \/>\n<meta property=\"article:publisher\" content=\"https:\/\/www.facebook.com\/Ftmasaplassen\" \/>\n<meta property=\"article:modified_time\" content=\"2025-07-11T08:39:35+00:00\" \/>\n<meta property=\"og:image\" content=\"https:\/\/friisvegen.no\/wp-content\/uploads\/2022\/01\/Friisvegen-Masaplassen-Mountain-Lodge-1200x675.jpg\" \/>\n\t<meta property=\"og:image:width\" content=\"1200\" \/>\n\t<meta property=\"og:image:height\" content=\"675\" \/>\n\t<meta property=\"og:image:type\" content=\"image\/jpeg\" \/>\n<meta name=\"twitter:card\" content=\"summary_large_image\" \/>\n<meta name=\"twitter:label1\" content=\"Ansl. lesetid\" \/>\n\t<meta name=\"twitter:data1\" content=\"2 minutter\" \/>\n<script type=\"application\/ld+json\" class=\"yoast-schema-graph\">{\"@context\":\"https:\\\/\\\/schema.org\",\"@graph\":[{\"@type\":\"WebPage\",\"@id\":\"https:\\\/\\\/friisvegen.no\\\/no\\\/\",\"url\":\"https:\\\/\\\/friisvegen.no\\\/no\\\/\",\"name\":\"Hjem &#8226; Friisvegen M\u00e5s\u00e5plassen\",\"isPartOf\":{\"@id\":\"https:\\\/\\\/friisvegen.no\\\/no\\\/#website\"},\"primaryImageOfPage\":{\"@id\":\"https:\\\/\\\/friisvegen.no\\\/no\\\/#primaryimage\"},\"image\":{\"@id\":\"https:\\\/\\\/friisvegen.no\\\/no\\\/#primaryimage\"},\"thumbnailUrl\":\"https:\\\/\\\/friisvegen.no\\\/wp-content\\\/uploads\\\/2022\\\/01\\\/Friisvegen-Masaplassen-Mountain-Lodge.jpg\",\"datePublished\":\"2022-01-03T11:08:27+00:00\",\"dateModified\":\"2025-07-11T08:39:35+00:00\",\"breadcrumb\":{\"@id\":\"https:\\\/\\\/friisvegen.no\\\/no\\\/#breadcrumb\"},\"inLanguage\":\"nb-NO\",\"potentialAction\":[{\"@type\":\"ReadAction\",\"target\":[\"https:\\\/\\\/friisvegen.no\\\/no\\\/\"]}]},{\"@type\":\"ImageObject\",\"inLanguage\":\"nb-NO\",\"@id\":\"https:\\\/\\\/friisvegen.no\\\/no\\\/#primaryimage\",\"url\":\"https:\\\/\\\/friisvegen.no\\\/wp-content\\\/uploads\\\/2022\\\/01\\\/Friisvegen-Masaplassen-Mountain-Lodge.jpg\",\"contentUrl\":\"https:\\\/\\\/friisvegen.no\\\/wp-content\\\/uploads\\\/2022\\\/01\\\/Friisvegen-Masaplassen-Mountain-Lodge.jpg\",\"width\":1920,\"height\":1080},{\"@type\":\"BreadcrumbList\",\"@id\":\"https:\\\/\\\/friisvegen.no\\\/no\\\/#breadcrumb\",\"itemListElement\":[{\"@type\":\"ListItem\",\"position\":1,\"name\":\"Home\",\"item\":\"https:\\\/\\\/friisvegen.no\\\/no\\\/hjem\\\/\"},{\"@type\":\"ListItem\",\"position\":2,\"name\":\"Hjem\"}]},{\"@type\":\"WebSite\",\"@id\":\"https:\\\/\\\/friisvegen.no\\\/no\\\/#website\",\"url\":\"https:\\\/\\\/friisvegen.no\\\/no\\\/\",\"name\":\"Friisvegen M\u00e5s\u00e5plassen\",\"description\":\"a place where magical moments can be found in nature\",\"potentialAction\":[{\"@type\":\"SearchAction\",\"target\":{\"@type\":\"EntryPoint\",\"urlTemplate\":\"https:\\\/\\\/friisvegen.no\\\/no\\\/?s={search_term_string}\"},\"query-input\":{\"@type\":\"PropertyValueSpecification\",\"valueRequired\":true,\"valueName\":\"search_term_string\"}}],\"inLanguage\":\"nb-NO\"}]}<\/script>\n<!-- \/ Yoast SEO plugin. -->","yoast_head_json":{"title":"Hjem &#8226; Friisvegen M\u00e5s\u00e5plassen","robots":{"index":"index","follow":"follow","max-snippet":"max-snippet:-1","max-image-preview":"max-image-preview:large","max-video-preview":"max-video-preview:-1"},"canonical":"https:\/\/friisvegen.no\/no\/","og_locale":"nb_NO","og_type":"article","og_title":"Hjem &#8226; Friisvegen M\u00e5s\u00e5plassen","og_description":"Leter du etter eventyr? Friisvegen Fjellstue ligger i skyggen av \u00e5pne fjell med fantastisk utsikt, ikke langt fra Rondane nasjonalpark. Det er 900 meter over havet, akkurat der midt i ingensteds. Nyt naturen, freden og gjestfriheten v\u00e5r. Friisvegen Mountain Lodge er en liten og en ideell base for sommer eller vinter. Det er et ideelt [&hellip;]","og_url":"https:\/\/friisvegen.no\/no\/","og_site_name":"Friisvegen M\u00e5s\u00e5plassen","article_publisher":"https:\/\/www.facebook.com\/Ftmasaplassen","article_modified_time":"2025-07-11T08:39:35+00:00","og_image":[{"width":1200,"height":675,"url":"https:\/\/friisvegen.no\/wp-content\/uploads\/2022\/01\/Friisvegen-Masaplassen-Mountain-Lodge-1200x675.jpg","type":"image\/jpeg"}],"twitter_card":"summary_large_image","twitter_misc":{"Ansl. lesetid":"2 minutter"},"schema":{"@context":"https:\/\/schema.org","@graph":[{"@type":"WebPage","@id":"https:\/\/friisvegen.no\/no\/","url":"https:\/\/friisvegen.no\/no\/","name":"Hjem &#8226; Friisvegen M\u00e5s\u00e5plassen","isPartOf":{"@id":"https:\/\/friisvegen.no\/no\/#website"},"primaryImageOfPage":{"@id":"https:\/\/friisvegen.no\/no\/#primaryimage"},"image":{"@id":"https:\/\/friisvegen.no\/no\/#primaryimage"},"thumbnailUrl":"https:\/\/friisvegen.no\/wp-content\/uploads\/2022\/01\/Friisvegen-Masaplassen-Mountain-Lodge.jpg","datePublished":"2022-01-03T11:08:27+00:00","dateModified":"2025-07-11T08:39:35+00:00","breadcrumb":{"@id":"https:\/\/friisvegen.no\/no\/#breadcrumb"},"inLanguage":"nb-NO","potentialAction":[{"@type":"ReadAction","target":["https:\/\/friisvegen.no\/no\/"]}]},{"@type":"ImageObject","inLanguage":"nb-NO","@id":"https:\/\/friisvegen.no\/no\/#primaryimage","url":"https:\/\/friisvegen.no\/wp-content\/uploads\/2022\/01\/Friisvegen-Masaplassen-Mountain-Lodge.jpg","contentUrl":"https:\/\/friisvegen.no\/wp-content\/uploads\/2022\/01\/Friisvegen-Masaplassen-Mountain-Lodge.jpg","width":1920,"height":1080},{"@type":"BreadcrumbList","@id":"https:\/\/friisvegen.no\/no\/#breadcrumb","itemListElement":[{"@type":"ListItem","position":1,"name":"Home","item":"https:\/\/friisvegen.no\/no\/hjem\/"},{"@type":"ListItem","position":2,"name":"Hjem"}]},{"@type":"WebSite","@id":"https:\/\/friisvegen.no\/no\/#website","url":"https:\/\/friisvegen.no\/no\/","name":"Friisvegen M\u00e5s\u00e5plassen","description":"a place where magical moments can be found in nature","potentialAction":[{"@type":"SearchAction","target":{"@type":"EntryPoint","urlTemplate":"https:\/\/friisvegen.no\/no\/?s={search_term_string}"},"query-input":{"@type":"PropertyValueSpecification","valueRequired":true,"valueName":"search_term_string"}}],"inLanguage":"nb-NO"}]}},"_links":{"self":[{"href":"https:\/\/friisvegen.no\/no\/wp-json\/wp\/v2\/pages\/478","targetHints":{"allow":["GET"]}}],"collection":[{"href":"https:\/\/friisvegen.no\/no\/wp-json\/wp\/v2\/pages"}],"about":[{"href":"https:\/\/friisvegen.no\/no\/wp-json\/wp\/v2\/types\/page"}],"author":[{"embeddable":true,"href":"https:\/\/friisvegen.no\/no\/wp-json\/wp\/v2\/users\/1"}],"replies":[{"embeddable":true,"href":"https:\/\/friisvegen.no\/no\/wp-json\/wp\/v2\/comments?post=478"}],"version-history":[{"count":8,"href":"https:\/\/friisvegen.no\/no\/wp-json\/wp\/v2\/pages\/478\/revisions"}],"predecessor-version":[{"id":138870,"href":"https:\/\/friisvegen.no\/no\/wp-json\/wp\/v2\/pages\/478\/revisions\/138870"}],"wp:featuredmedia":[{"embeddable":true,"href":"https:\/\/friisvegen.no\/no\/wp-json\/wp\/v2\/media\/350"}],"wp:attachment":[{"href":"https:\/\/friisvegen.no\/no\/wp-json\/wp\/v2\/media?parent=478"}],"curies":[{"name":"wp","href":"https:\/\/api.w.org\/{rel}","templated":true}]}}