{"id":2457,"date":"2022-05-10T08:28:20","date_gmt":"2022-05-10T08:28:20","guid":{"rendered":"https:\/\/friisvegen.no\/?page_id=2457"},"modified":"2025-10-08T10:43:02","modified_gmt":"2025-10-08T09:43:02","slug":"butikk","status":"publish","type":"page","link":"https:\/\/friisvegen.no\/no\/butikk\/","title":{"rendered":"Shop"},"content":{"rendered":"\n<p>Velkommen til camping butikken v\u00e5re at Friisvegen M\u00e5s\u00e5plassen Mountain Lodge. Her hos oss finner du en del av varene du trenger til din daglige handel. Varesortimentet er tilpasset lokalsamfunnet med varer fra lokale leverand\u00f8rer og produsenter, s\u00e5 her finner du litt av hvert av det du m\u00e5tte trenge.&nbsp;<\/p>\n\n\n\n<p>Vi tilbyr tjenester som aviser, vedsalg, gas, parafin, &nbsp;fiske- og jaktkort salg.&nbsp;<\/p>\n\n\n\n<p>Trenger du hjelp til \u00e5 pakke ned i posene, b\u00e6re ut i bilen eller er det noen varer du savner i butikken? Ta kontakt s\u00e5 skal vi hjelpe deg s\u00e5 godt vi kan.&nbsp;<\/p>\n\n\n\n<p>Butikken er ogs\u00e5 \u00e5pen p\u00e5 s\u00f8ndager for de som har glemt \u00e5 handle noen varer. Velkommen til en hyggelig handel!<\/p>\n\n\n\n<p>For \u00e5pningstider se her eller sjekk Facebook. Er vi stengt, prove \u00e5 ringe oss. Kanskje vi er i n\u00e6rheten og kan komme nede.&nbsp;<\/p>\n\n\n\n\n<h3><strong>\u00c5pningtider<\/strong><\/h3>\n<div class=\"wp-block-file\"><a id=\"wp-block-file--media-9fb9e854-c00c-4092-b9dc-90cc54501c5e\" href=\"https:\/\/friisvegen.no\/no\/kontakt\/\" rel=\"noreferrer noopener\">\u00c5pningtider &gt;<\/a><\/div>\n\n\n\n<p><\/p>\n","protected":false},"excerpt":{"rendered":"<p>Velkommen til camping butikken v\u00e5re at Friisvegen M\u00e5s\u00e5plassen Mountain Lodge. Her hos oss finner du en del av varene du trenger til din daglige handel. Varesortimentet er tilpasset lokalsamfunnet med varer fra lokale leverand\u00f8rer og produsenter, s\u00e5 her finner du litt av hvert av det du m\u00e5tte trenge.&nbsp; Vi tilbyr tjenester som aviser, vedsalg, gas, [&hellip;]<\/p>\n","protected":false},"author":1,"featured_media":2942,"parent":0,"menu_order":60,"comment_status":"closed","ping_status":"closed","template":"basis-page.php","meta":{"_acf_changed":false,"footnotes":""},"class_list":["post-2457","page","type-page","status-publish","has-post-thumbnail","hentry"],"acf":[],"yoast_head":"<!-- This site is optimized with the Yoast SEO plugin v27.5 - https:\/\/yoast.com\/product\/yoast-seo-wordpress\/ -->\n<title>Shop &#8226; Friisvegen M\u00e5s\u00e5plassen<\/title>\n<meta name=\"robots\" content=\"index, follow, max-snippet:-1, max-image-preview:large, max-video-preview:-1\" \/>\n<link rel=\"canonical\" href=\"https:\/\/friisvegen.no\/no\/butikk\/\" \/>\n<meta property=\"og:locale\" content=\"nb_NO\" \/>\n<meta property=\"og:type\" content=\"article\" \/>\n<meta property=\"og:title\" content=\"Shop &#8226; Friisvegen M\u00e5s\u00e5plassen\" \/>\n<meta property=\"og:description\" content=\"Velkommen til camping butikken v\u00e5re at Friisvegen M\u00e5s\u00e5plassen Mountain Lodge. Her hos oss finner du en del av varene du trenger til din daglige handel. Varesortimentet er tilpasset lokalsamfunnet med varer fra lokale leverand\u00f8rer og produsenter, s\u00e5 her finner du litt av hvert av det du m\u00e5tte trenge.&nbsp; Vi tilbyr tjenester som aviser, vedsalg, gas, [&hellip;]\" \/>\n<meta property=\"og:url\" content=\"https:\/\/friisvegen.no\/no\/butikk\/\" \/>\n<meta property=\"og:site_name\" content=\"Friisvegen M\u00e5s\u00e5plassen\" \/>\n<meta property=\"article:publisher\" content=\"https:\/\/www.facebook.com\/Ftmasaplassen\" \/>\n<meta property=\"article:modified_time\" content=\"2025-10-08T09:43:02+00:00\" \/>\n<meta property=\"og:image\" content=\"https:\/\/friisvegen.no\/wp-content\/uploads\/2022\/05\/shop-header.jpg\" \/>\n\t<meta property=\"og:image:width\" content=\"1920\" \/>\n\t<meta property=\"og:image:height\" content=\"720\" \/>\n\t<meta property=\"og:image:type\" content=\"image\/jpeg\" \/>\n<meta name=\"twitter:card\" content=\"summary_large_image\" \/>\n<meta name=\"twitter:label1\" content=\"Ansl. lesetid\" \/>\n\t<meta name=\"twitter:data1\" content=\"2 minutter\" \/>\n<script type=\"application\/ld+json\" class=\"yoast-schema-graph\">{\"@context\":\"https:\\\/\\\/schema.org\",\"@graph\":[{\"@type\":\"WebPage\",\"@id\":\"https:\\\/\\\/friisvegen.no\\\/no\\\/butikk\\\/\",\"url\":\"https:\\\/\\\/friisvegen.no\\\/no\\\/butikk\\\/\",\"name\":\"Shop &#8226; Friisvegen M\u00e5s\u00e5plassen\",\"isPartOf\":{\"@id\":\"https:\\\/\\\/friisvegen.no\\\/no\\\/#website\"},\"primaryImageOfPage\":{\"@id\":\"https:\\\/\\\/friisvegen.no\\\/no\\\/butikk\\\/#primaryimage\"},\"image\":{\"@id\":\"https:\\\/\\\/friisvegen.no\\\/no\\\/butikk\\\/#primaryimage\"},\"thumbnailUrl\":\"https:\\\/\\\/friisvegen.no\\\/wp-content\\\/uploads\\\/2022\\\/05\\\/shop-header.jpg\",\"datePublished\":\"2022-05-10T08:28:20+00:00\",\"dateModified\":\"2025-10-08T09:43:02+00:00\",\"breadcrumb\":{\"@id\":\"https:\\\/\\\/friisvegen.no\\\/no\\\/butikk\\\/#breadcrumb\"},\"inLanguage\":\"nb-NO\",\"potentialAction\":[{\"@type\":\"ReadAction\",\"target\":[\"https:\\\/\\\/friisvegen.no\\\/no\\\/butikk\\\/\"]}]},{\"@type\":\"ImageObject\",\"inLanguage\":\"nb-NO\",\"@id\":\"https:\\\/\\\/friisvegen.no\\\/no\\\/butikk\\\/#primaryimage\",\"url\":\"https:\\\/\\\/friisvegen.no\\\/wp-content\\\/uploads\\\/2022\\\/05\\\/shop-header.jpg\",\"contentUrl\":\"https:\\\/\\\/friisvegen.no\\\/wp-content\\\/uploads\\\/2022\\\/05\\\/shop-header.jpg\",\"width\":1920,\"height\":720},{\"@type\":\"BreadcrumbList\",\"@id\":\"https:\\\/\\\/friisvegen.no\\\/no\\\/butikk\\\/#breadcrumb\",\"itemListElement\":[{\"@type\":\"ListItem\",\"position\":1,\"name\":\"Home\",\"item\":\"https:\\\/\\\/friisvegen.no\\\/no\\\/hjem\\\/\"},{\"@type\":\"ListItem\",\"position\":2,\"name\":\"Shop\"}]},{\"@type\":\"WebSite\",\"@id\":\"https:\\\/\\\/friisvegen.no\\\/no\\\/#website\",\"url\":\"https:\\\/\\\/friisvegen.no\\\/no\\\/\",\"name\":\"Friisvegen M\u00e5s\u00e5plassen\",\"description\":\"a place where magical moments can be found in nature\",\"potentialAction\":[{\"@type\":\"SearchAction\",\"target\":{\"@type\":\"EntryPoint\",\"urlTemplate\":\"https:\\\/\\\/friisvegen.no\\\/no\\\/?s={search_term_string}\"},\"query-input\":{\"@type\":\"PropertyValueSpecification\",\"valueRequired\":true,\"valueName\":\"search_term_string\"}}],\"inLanguage\":\"nb-NO\"}]}<\/script>\n<!-- \/ Yoast SEO plugin. -->","yoast_head_json":{"title":"Shop &#8226; Friisvegen M\u00e5s\u00e5plassen","robots":{"index":"index","follow":"follow","max-snippet":"max-snippet:-1","max-image-preview":"max-image-preview:large","max-video-preview":"max-video-preview:-1"},"canonical":"https:\/\/friisvegen.no\/no\/butikk\/","og_locale":"nb_NO","og_type":"article","og_title":"Shop &#8226; Friisvegen M\u00e5s\u00e5plassen","og_description":"Velkommen til camping butikken v\u00e5re at Friisvegen M\u00e5s\u00e5plassen Mountain Lodge. Her hos oss finner du en del av varene du trenger til din daglige handel. Varesortimentet er tilpasset lokalsamfunnet med varer fra lokale leverand\u00f8rer og produsenter, s\u00e5 her finner du litt av hvert av det du m\u00e5tte trenge.&nbsp; Vi tilbyr tjenester som aviser, vedsalg, gas, [&hellip;]","og_url":"https:\/\/friisvegen.no\/no\/butikk\/","og_site_name":"Friisvegen M\u00e5s\u00e5plassen","article_publisher":"https:\/\/www.facebook.com\/Ftmasaplassen","article_modified_time":"2025-10-08T09:43:02+00:00","og_image":[{"width":1920,"height":720,"url":"https:\/\/friisvegen.no\/wp-content\/uploads\/2022\/05\/shop-header.jpg","type":"image\/jpeg"}],"twitter_card":"summary_large_image","twitter_misc":{"Ansl. lesetid":"2 minutter"},"schema":{"@context":"https:\/\/schema.org","@graph":[{"@type":"WebPage","@id":"https:\/\/friisvegen.no\/no\/butikk\/","url":"https:\/\/friisvegen.no\/no\/butikk\/","name":"Shop &#8226; Friisvegen M\u00e5s\u00e5plassen","isPartOf":{"@id":"https:\/\/friisvegen.no\/no\/#website"},"primaryImageOfPage":{"@id":"https:\/\/friisvegen.no\/no\/butikk\/#primaryimage"},"image":{"@id":"https:\/\/friisvegen.no\/no\/butikk\/#primaryimage"},"thumbnailUrl":"https:\/\/friisvegen.no\/wp-content\/uploads\/2022\/05\/shop-header.jpg","datePublished":"2022-05-10T08:28:20+00:00","dateModified":"2025-10-08T09:43:02+00:00","breadcrumb":{"@id":"https:\/\/friisvegen.no\/no\/butikk\/#breadcrumb"},"inLanguage":"nb-NO","potentialAction":[{"@type":"ReadAction","target":["https:\/\/friisvegen.no\/no\/butikk\/"]}]},{"@type":"ImageObject","inLanguage":"nb-NO","@id":"https:\/\/friisvegen.no\/no\/butikk\/#primaryimage","url":"https:\/\/friisvegen.no\/wp-content\/uploads\/2022\/05\/shop-header.jpg","contentUrl":"https:\/\/friisvegen.no\/wp-content\/uploads\/2022\/05\/shop-header.jpg","width":1920,"height":720},{"@type":"BreadcrumbList","@id":"https:\/\/friisvegen.no\/no\/butikk\/#breadcrumb","itemListElement":[{"@type":"ListItem","position":1,"name":"Home","item":"https:\/\/friisvegen.no\/no\/hjem\/"},{"@type":"ListItem","position":2,"name":"Shop"}]},{"@type":"WebSite","@id":"https:\/\/friisvegen.no\/no\/#website","url":"https:\/\/friisvegen.no\/no\/","name":"Friisvegen M\u00e5s\u00e5plassen","description":"a place where magical moments can be found in nature","potentialAction":[{"@type":"SearchAction","target":{"@type":"EntryPoint","urlTemplate":"https:\/\/friisvegen.no\/no\/?s={search_term_string}"},"query-input":{"@type":"PropertyValueSpecification","valueRequired":true,"valueName":"search_term_string"}}],"inLanguage":"nb-NO"}]}},"_links":{"self":[{"href":"https:\/\/friisvegen.no\/no\/wp-json\/wp\/v2\/pages\/2457","targetHints":{"allow":["GET"]}}],"collection":[{"href":"https:\/\/friisvegen.no\/no\/wp-json\/wp\/v2\/pages"}],"about":[{"href":"https:\/\/friisvegen.no\/no\/wp-json\/wp\/v2\/types\/page"}],"author":[{"embeddable":true,"href":"https:\/\/friisvegen.no\/no\/wp-json\/wp\/v2\/users\/1"}],"replies":[{"embeddable":true,"href":"https:\/\/friisvegen.no\/no\/wp-json\/wp\/v2\/comments?post=2457"}],"version-history":[{"count":141,"href":"https:\/\/friisvegen.no\/no\/wp-json\/wp\/v2\/pages\/2457\/revisions"}],"predecessor-version":[{"id":140295,"href":"https:\/\/friisvegen.no\/no\/wp-json\/wp\/v2\/pages\/2457\/revisions\/140295"}],"wp:featuredmedia":[{"embeddable":true,"href":"https:\/\/friisvegen.no\/no\/wp-json\/wp\/v2\/media\/2942"}],"wp:attachment":[{"href":"https:\/\/friisvegen.no\/no\/wp-json\/wp\/v2\/media?parent=2457"}],"curies":[{"name":"wp","href":"https:\/\/api.w.org\/{rel}","templated":true}]}}