{"id":1669,"date":"2022-01-04T11:35:48","date_gmt":"2022-01-04T11:35:48","guid":{"rendered":"https:\/\/friisvegen.no\/cafe\/"},"modified":"2026-03-26T17:05:33","modified_gmt":"2026-03-26T16:05:33","slug":"kafe","status":"publish","type":"page","link":"https:\/\/friisvegen.no\/no\/kafe\/","title":{"rendered":"Kaf\u00e9"},"content":{"rendered":"\n<p>For \u00e5 hygge seg til hverdags og fest. Det er en koselig atmosf\u00e6re og fint innredet med nye m\u00f8bler i november 2021.\u00a0<\/p>\n\n\n\n<p>Vi har en uke meny med dagens lunsj og middag. Menyen er publisert p\u00e5 website. Menyen best\u00e5r av tradisjonelle norske retter, sammen med nye mer internasjonale retter. Dere er ogs\u00e5 velkommen for en god kopp kaffe med kaker og vafler sammen med vennen, familie, kollegaer eller alene.<\/p>\n\n\n\n<p>I sommeren har vi ogs\u00e5 en terrasse med kule piknikbenker. Nyt fra alle godsakene uten i solen.<\/p>\n\n\n\n<p>Bordreservering er ikke n\u00f8dvendig, men for \u00e5 unng\u00e5 skuffelse anbefaler vi deg \u00e5 ringe eller sen oss e-post p\u00e5 forh\u00e5nd. Det hjelper oss ogs\u00e5. Er dere med en st\u00f8rre gruppe, flere enn 6 personer? Vennligst kontakt oss p\u00e5 mail:&nbsp;<a class=\"\" href=\"mailto:post@friisvegen.no.\">post@friisvegen.no.<\/a>&nbsp;eller p\u00e5 telefon 995 39 110.&nbsp;<\/p>\n\n\n\n<p>Vi har ogs\u00e5 vegetarisk alternativ p\u00e5 menyen. \u00d8nsker et rent vegetartilbud, eller noen spesial ber vi deg \u00e5 gi beskjed p\u00e5 forh\u00e5nd. Har du allergier? Det er viktig at du kommuniserer med oss f\u00f8r ankomst.&nbsp;<\/p>\n","protected":false},"excerpt":{"rendered":"<p>For \u00e5 hygge seg til hverdags og fest. Det er en koselig atmosf\u00e6re og fint innredet med nye m\u00f8bler i november 2021.\u00a0 Vi har en uke meny med dagens lunsj og middag. Menyen er publisert p\u00e5 website. Menyen best\u00e5r av tradisjonelle norske retter, sammen med nye mer internasjonale retter. Dere er ogs\u00e5 velkommen for en [&hellip;]<\/p>\n","protected":false},"author":1,"featured_media":136885,"parent":0,"menu_order":60,"comment_status":"closed","ping_status":"closed","template":"kolom-page.php","meta":{"_acf_changed":false,"footnotes":""},"class_list":["post-1669","page","type-page","status-publish","has-post-thumbnail","hentry"],"acf":[],"yoast_head":"<!-- This site is optimized with the Yoast SEO plugin v27.4 - https:\/\/yoast.com\/product\/yoast-seo-wordpress\/ -->\n<title>Kaf\u00e9 &#8226; Friisvegen M\u00e5s\u00e5plassen<\/title>\n<meta name=\"robots\" content=\"index, follow, max-snippet:-1, max-image-preview:large, max-video-preview:-1\" \/>\n<link rel=\"canonical\" href=\"https:\/\/friisvegen.no\/no\/kafe\/\" \/>\n<meta property=\"og:locale\" content=\"nb_NO\" \/>\n<meta property=\"og:type\" content=\"article\" \/>\n<meta property=\"og:title\" content=\"Kaf\u00e9 &#8226; Friisvegen M\u00e5s\u00e5plassen\" \/>\n<meta property=\"og:description\" content=\"For \u00e5 hygge seg til hverdags og fest. Det er en koselig atmosf\u00e6re og fint innredet med nye m\u00f8bler i november 2021.\u00a0 Vi har en uke meny med dagens lunsj og middag. Menyen er publisert p\u00e5 website. Menyen best\u00e5r av tradisjonelle norske retter, sammen med nye mer internasjonale retter. Dere er ogs\u00e5 velkommen for en [&hellip;]\" \/>\n<meta property=\"og:url\" content=\"https:\/\/friisvegen.no\/no\/kafe\/\" \/>\n<meta property=\"og:site_name\" content=\"Friisvegen M\u00e5s\u00e5plassen\" \/>\n<meta property=\"article:publisher\" content=\"https:\/\/www.facebook.com\/Ftmasaplassen\" \/>\n<meta property=\"article:modified_time\" content=\"2026-03-26T16:05:33+00:00\" \/>\n<meta property=\"og:image\" content=\"https:\/\/friisvegen.no\/wp-content\/uploads\/2025\/05\/cafe2025-header.jpg\" \/>\n\t<meta property=\"og:image:width\" content=\"1920\" \/>\n\t<meta property=\"og:image:height\" content=\"720\" \/>\n\t<meta property=\"og:image:type\" content=\"image\/jpeg\" \/>\n<meta name=\"twitter:card\" content=\"summary_large_image\" \/>\n<meta name=\"twitter:label1\" content=\"Ansl. lesetid\" \/>\n\t<meta name=\"twitter:data1\" content=\"3 minutter\" \/>\n<script type=\"application\/ld+json\" class=\"yoast-schema-graph\">{\"@context\":\"https:\\\/\\\/schema.org\",\"@graph\":[{\"@type\":\"WebPage\",\"@id\":\"https:\\\/\\\/friisvegen.no\\\/no\\\/kafe\\\/\",\"url\":\"https:\\\/\\\/friisvegen.no\\\/no\\\/kafe\\\/\",\"name\":\"Kaf\u00e9 &#8226; Friisvegen M\u00e5s\u00e5plassen\",\"isPartOf\":{\"@id\":\"https:\\\/\\\/friisvegen.no\\\/no\\\/#website\"},\"primaryImageOfPage\":{\"@id\":\"https:\\\/\\\/friisvegen.no\\\/no\\\/kafe\\\/#primaryimage\"},\"image\":{\"@id\":\"https:\\\/\\\/friisvegen.no\\\/no\\\/kafe\\\/#primaryimage\"},\"thumbnailUrl\":\"https:\\\/\\\/friisvegen.no\\\/wp-content\\\/uploads\\\/2025\\\/05\\\/cafe2025-header.jpg\",\"datePublished\":\"2022-01-04T11:35:48+00:00\",\"dateModified\":\"2026-03-26T16:05:33+00:00\",\"breadcrumb\":{\"@id\":\"https:\\\/\\\/friisvegen.no\\\/no\\\/kafe\\\/#breadcrumb\"},\"inLanguage\":\"nb-NO\",\"potentialAction\":[{\"@type\":\"ReadAction\",\"target\":[\"https:\\\/\\\/friisvegen.no\\\/no\\\/kafe\\\/\"]}]},{\"@type\":\"ImageObject\",\"inLanguage\":\"nb-NO\",\"@id\":\"https:\\\/\\\/friisvegen.no\\\/no\\\/kafe\\\/#primaryimage\",\"url\":\"https:\\\/\\\/friisvegen.no\\\/wp-content\\\/uploads\\\/2025\\\/05\\\/cafe2025-header.jpg\",\"contentUrl\":\"https:\\\/\\\/friisvegen.no\\\/wp-content\\\/uploads\\\/2025\\\/05\\\/cafe2025-header.jpg\",\"width\":1920,\"height\":720},{\"@type\":\"BreadcrumbList\",\"@id\":\"https:\\\/\\\/friisvegen.no\\\/no\\\/kafe\\\/#breadcrumb\",\"itemListElement\":[{\"@type\":\"ListItem\",\"position\":1,\"name\":\"Home\",\"item\":\"https:\\\/\\\/friisvegen.no\\\/no\\\/hjem\\\/\"},{\"@type\":\"ListItem\",\"position\":2,\"name\":\"Kaf\u00e9\"}]},{\"@type\":\"WebSite\",\"@id\":\"https:\\\/\\\/friisvegen.no\\\/no\\\/#website\",\"url\":\"https:\\\/\\\/friisvegen.no\\\/no\\\/\",\"name\":\"Friisvegen M\u00e5s\u00e5plassen\",\"description\":\"a place where magical moments can be found in nature\",\"potentialAction\":[{\"@type\":\"SearchAction\",\"target\":{\"@type\":\"EntryPoint\",\"urlTemplate\":\"https:\\\/\\\/friisvegen.no\\\/no\\\/?s={search_term_string}\"},\"query-input\":{\"@type\":\"PropertyValueSpecification\",\"valueRequired\":true,\"valueName\":\"search_term_string\"}}],\"inLanguage\":\"nb-NO\"}]}<\/script>\n<!-- \/ Yoast SEO plugin. -->","yoast_head_json":{"title":"Kaf\u00e9 &#8226; Friisvegen M\u00e5s\u00e5plassen","robots":{"index":"index","follow":"follow","max-snippet":"max-snippet:-1","max-image-preview":"max-image-preview:large","max-video-preview":"max-video-preview:-1"},"canonical":"https:\/\/friisvegen.no\/no\/kafe\/","og_locale":"nb_NO","og_type":"article","og_title":"Kaf\u00e9 &#8226; Friisvegen M\u00e5s\u00e5plassen","og_description":"For \u00e5 hygge seg til hverdags og fest. Det er en koselig atmosf\u00e6re og fint innredet med nye m\u00f8bler i november 2021.\u00a0 Vi har en uke meny med dagens lunsj og middag. Menyen er publisert p\u00e5 website. Menyen best\u00e5r av tradisjonelle norske retter, sammen med nye mer internasjonale retter. Dere er ogs\u00e5 velkommen for en [&hellip;]","og_url":"https:\/\/friisvegen.no\/no\/kafe\/","og_site_name":"Friisvegen M\u00e5s\u00e5plassen","article_publisher":"https:\/\/www.facebook.com\/Ftmasaplassen","article_modified_time":"2026-03-26T16:05:33+00:00","og_image":[{"width":1920,"height":720,"url":"https:\/\/friisvegen.no\/wp-content\/uploads\/2025\/05\/cafe2025-header.jpg","type":"image\/jpeg"}],"twitter_card":"summary_large_image","twitter_misc":{"Ansl. lesetid":"3 minutter"},"schema":{"@context":"https:\/\/schema.org","@graph":[{"@type":"WebPage","@id":"https:\/\/friisvegen.no\/no\/kafe\/","url":"https:\/\/friisvegen.no\/no\/kafe\/","name":"Kaf\u00e9 &#8226; Friisvegen M\u00e5s\u00e5plassen","isPartOf":{"@id":"https:\/\/friisvegen.no\/no\/#website"},"primaryImageOfPage":{"@id":"https:\/\/friisvegen.no\/no\/kafe\/#primaryimage"},"image":{"@id":"https:\/\/friisvegen.no\/no\/kafe\/#primaryimage"},"thumbnailUrl":"https:\/\/friisvegen.no\/wp-content\/uploads\/2025\/05\/cafe2025-header.jpg","datePublished":"2022-01-04T11:35:48+00:00","dateModified":"2026-03-26T16:05:33+00:00","breadcrumb":{"@id":"https:\/\/friisvegen.no\/no\/kafe\/#breadcrumb"},"inLanguage":"nb-NO","potentialAction":[{"@type":"ReadAction","target":["https:\/\/friisvegen.no\/no\/kafe\/"]}]},{"@type":"ImageObject","inLanguage":"nb-NO","@id":"https:\/\/friisvegen.no\/no\/kafe\/#primaryimage","url":"https:\/\/friisvegen.no\/wp-content\/uploads\/2025\/05\/cafe2025-header.jpg","contentUrl":"https:\/\/friisvegen.no\/wp-content\/uploads\/2025\/05\/cafe2025-header.jpg","width":1920,"height":720},{"@type":"BreadcrumbList","@id":"https:\/\/friisvegen.no\/no\/kafe\/#breadcrumb","itemListElement":[{"@type":"ListItem","position":1,"name":"Home","item":"https:\/\/friisvegen.no\/no\/hjem\/"},{"@type":"ListItem","position":2,"name":"Kaf\u00e9"}]},{"@type":"WebSite","@id":"https:\/\/friisvegen.no\/no\/#website","url":"https:\/\/friisvegen.no\/no\/","name":"Friisvegen M\u00e5s\u00e5plassen","description":"a place where magical moments can be found in nature","potentialAction":[{"@type":"SearchAction","target":{"@type":"EntryPoint","urlTemplate":"https:\/\/friisvegen.no\/no\/?s={search_term_string}"},"query-input":{"@type":"PropertyValueSpecification","valueRequired":true,"valueName":"search_term_string"}}],"inLanguage":"nb-NO"}]}},"_links":{"self":[{"href":"https:\/\/friisvegen.no\/no\/wp-json\/wp\/v2\/pages\/1669","targetHints":{"allow":["GET"]}}],"collection":[{"href":"https:\/\/friisvegen.no\/no\/wp-json\/wp\/v2\/pages"}],"about":[{"href":"https:\/\/friisvegen.no\/no\/wp-json\/wp\/v2\/types\/page"}],"author":[{"embeddable":true,"href":"https:\/\/friisvegen.no\/no\/wp-json\/wp\/v2\/users\/1"}],"replies":[{"embeddable":true,"href":"https:\/\/friisvegen.no\/no\/wp-json\/wp\/v2\/comments?post=1669"}],"version-history":[{"count":244,"href":"https:\/\/friisvegen.no\/no\/wp-json\/wp\/v2\/pages\/1669\/revisions"}],"predecessor-version":[{"id":143108,"href":"https:\/\/friisvegen.no\/no\/wp-json\/wp\/v2\/pages\/1669\/revisions\/143108"}],"wp:featuredmedia":[{"embeddable":true,"href":"https:\/\/friisvegen.no\/no\/wp-json\/wp\/v2\/media\/136885"}],"wp:attachment":[{"href":"https:\/\/friisvegen.no\/no\/wp-json\/wp\/v2\/media?parent=1669"}],"curies":[{"name":"wp","href":"https:\/\/api.w.org\/{rel}","templated":true}]}}