{"id":137002,"date":"2025-06-03T07:18:19","date_gmt":"2025-06-03T06:18:19","guid":{"rendered":"https:\/\/friisvegen.no\/?page_id=137002"},"modified":"2025-06-03T07:25:58","modified_gmt":"2025-06-03T06:25:58","slug":"arrangere-selskap","status":"publish","type":"page","link":"https:\/\/friisvegen.no\/no\/arrangere-selskap\/","title":{"rendered":"Arrangere &#8211; Selskap"},"content":{"rendered":"\n<p><span style=\"font-size: revert;\">\u00a0<\/span><strong>Slektstreff<\/strong><br>Enten det er s\u00f8skenbarntreff eller en feiring for et familiemedlem \u2013 Friisvegen M\u00e5s\u00e5plassen er et perfekt sted \u00e5 samles.<\/p>\n\n\n\n<p>Ved ledig kapasitet kan dere reservere restauranten for et privat arrangement. Da kan taler og andre markeringer foreg\u00e5 uforstyrret. Kombinasjonen av god mat, vakker fjellnatur, stemningsfulle lokaler og gode senger gir grunnlaget for et hyggelig opphold for deg og dine.<\/p>\n\n\n\n<p>\u00d8nsker du \u00e5 samle hele familien til selskap? Friisvegen M\u00e5s\u00e5plassen er et ypperlig valg!<br>Her finnes aktiviteter b\u00e5de ute og inne, og naturen legger til rette for flotte fjellturer rett utenfor d\u00f8ren.<br>Kommer dere om vinteren, har vi skil\u00f8yper som strekker seg gjennom det nydelige vinterlandskapet.<br>Om sommeren kan b\u00e5de sm\u00e5 og store utforske et spennende nettverk av turstier.<\/p>\n\n\n\n<p>Den personlige atmosf\u00e6ren p\u00e5 Friisvegen M\u00e5s\u00e5plassen gir rom for gode dager for b\u00e5de store og sm\u00e5 \u2013 med fokus p\u00e5 kos, hygge og avslapning.<\/p>\n\n\n\n<p><strong>Teambuilding<\/strong><br>Kombiner det faglige med det sosiale \u2013 med stor suksess!<br>Kvalitet er en grunnpilar i alt vi gj\u00f8r, og det gjelder ogs\u00e5 for aktivitetene v\u00e5re.<br>Vi f\u00f8lger dere fra id\u00e9 til gjennomf\u00f8ring og s\u00f8rger for et s\u00f8ml\u00f8st arrangement.<\/p>\n\n\n\n<p>Vi tilbyr aktiviteter som skaper samhold og mestringsf\u00f8lelse i gruppa, og som samtidig trigger konkurranseinstinktet hos deltakerne. G\u00f8yale konkurranser legger ofte grunnlaget for gode samtaler rundt middagsbordet senere p\u00e5 kvelden.<\/p>\n\n\n\n<p>Vi har ogs\u00e5 samarbeid med lokale akt\u00f8rer som tilbyr spennende aktiviteter vi ikke selv leverer.<br>Her er det egentlig bare fantasien som setter grenser: Hva med sykling \u2013 b\u00e5de flatt og i terreng, fiske i fjellvann, rafting, rideturer eller hundekj\u00f8ring?<\/p>\n","protected":false},"excerpt":{"rendered":"<p>\u00a0SlektstreffEnten det er s\u00f8skenbarntreff eller en feiring for et familiemedlem \u2013 Friisvegen M\u00e5s\u00e5plassen er et perfekt sted \u00e5 samles. Ved ledig kapasitet kan dere reservere restauranten for et privat arrangement. Da kan taler og andre markeringer foreg\u00e5 uforstyrret. Kombinasjonen av god mat, vakker fjellnatur, stemningsfulle lokaler og gode senger gir grunnlaget for et hyggelig opphold [&hellip;]<\/p>\n","protected":false},"author":1,"featured_media":136988,"parent":0,"menu_order":72,"comment_status":"closed","ping_status":"closed","template":"kolom-page.php","meta":{"_acf_changed":false,"footnotes":""},"class_list":["post-137002","page","type-page","status-publish","has-post-thumbnail","hentry"],"acf":[],"yoast_head":"<!-- This site is optimized with the Yoast SEO plugin v27.4 - https:\/\/yoast.com\/product\/yoast-seo-wordpress\/ -->\n<title>Arrangere - Selskap &#8226; Friisvegen M\u00e5s\u00e5plassen<\/title>\n<meta name=\"robots\" content=\"index, follow, max-snippet:-1, max-image-preview:large, max-video-preview:-1\" \/>\n<link rel=\"canonical\" href=\"https:\/\/friisvegen.no\/no\/arrangere-selskap\/\" \/>\n<meta property=\"og:locale\" content=\"nb_NO\" \/>\n<meta property=\"og:type\" content=\"article\" \/>\n<meta property=\"og:title\" content=\"Arrangere - Selskap &#8226; Friisvegen M\u00e5s\u00e5plassen\" \/>\n<meta property=\"og:description\" content=\"\u00a0SlektstreffEnten det er s\u00f8skenbarntreff eller en feiring for et familiemedlem \u2013 Friisvegen M\u00e5s\u00e5plassen er et perfekt sted \u00e5 samles. Ved ledig kapasitet kan dere reservere restauranten for et privat arrangement. Da kan taler og andre markeringer foreg\u00e5 uforstyrret. Kombinasjonen av god mat, vakker fjellnatur, stemningsfulle lokaler og gode senger gir grunnlaget for et hyggelig opphold [&hellip;]\" \/>\n<meta property=\"og:url\" content=\"https:\/\/friisvegen.no\/no\/arrangere-selskap\/\" \/>\n<meta property=\"og:site_name\" content=\"Friisvegen M\u00e5s\u00e5plassen\" \/>\n<meta property=\"article:publisher\" content=\"https:\/\/www.facebook.com\/Ftmasaplassen\" \/>\n<meta property=\"article:modified_time\" content=\"2025-06-03T06:25:58+00:00\" \/>\n<meta property=\"og:image\" content=\"https:\/\/friisvegen.no\/wp-content\/uploads\/2025\/05\/event2025-header-2.jpg\" \/>\n\t<meta property=\"og:image:width\" content=\"1920\" \/>\n\t<meta property=\"og:image:height\" content=\"720\" \/>\n\t<meta property=\"og:image:type\" content=\"image\/jpeg\" \/>\n<meta name=\"twitter:card\" content=\"summary_large_image\" \/>\n<meta name=\"twitter:label1\" content=\"Ansl. lesetid\" \/>\n\t<meta name=\"twitter:data1\" content=\"3 minutter\" \/>\n<script type=\"application\/ld+json\" class=\"yoast-schema-graph\">{\"@context\":\"https:\\\/\\\/schema.org\",\"@graph\":[{\"@type\":\"WebPage\",\"@id\":\"https:\\\/\\\/friisvegen.no\\\/no\\\/arrangere-selskap\\\/\",\"url\":\"https:\\\/\\\/friisvegen.no\\\/no\\\/arrangere-selskap\\\/\",\"name\":\"Arrangere - Selskap &#8226; Friisvegen M\u00e5s\u00e5plassen\",\"isPartOf\":{\"@id\":\"https:\\\/\\\/friisvegen.no\\\/no\\\/#website\"},\"primaryImageOfPage\":{\"@id\":\"https:\\\/\\\/friisvegen.no\\\/no\\\/arrangere-selskap\\\/#primaryimage\"},\"image\":{\"@id\":\"https:\\\/\\\/friisvegen.no\\\/no\\\/arrangere-selskap\\\/#primaryimage\"},\"thumbnailUrl\":\"https:\\\/\\\/friisvegen.no\\\/wp-content\\\/uploads\\\/2025\\\/05\\\/event2025-header-2.jpg\",\"datePublished\":\"2025-06-03T06:18:19+00:00\",\"dateModified\":\"2025-06-03T06:25:58+00:00\",\"breadcrumb\":{\"@id\":\"https:\\\/\\\/friisvegen.no\\\/no\\\/arrangere-selskap\\\/#breadcrumb\"},\"inLanguage\":\"nb-NO\",\"potentialAction\":[{\"@type\":\"ReadAction\",\"target\":[\"https:\\\/\\\/friisvegen.no\\\/no\\\/arrangere-selskap\\\/\"]}]},{\"@type\":\"ImageObject\",\"inLanguage\":\"nb-NO\",\"@id\":\"https:\\\/\\\/friisvegen.no\\\/no\\\/arrangere-selskap\\\/#primaryimage\",\"url\":\"https:\\\/\\\/friisvegen.no\\\/wp-content\\\/uploads\\\/2025\\\/05\\\/event2025-header-2.jpg\",\"contentUrl\":\"https:\\\/\\\/friisvegen.no\\\/wp-content\\\/uploads\\\/2025\\\/05\\\/event2025-header-2.jpg\",\"width\":1920,\"height\":720},{\"@type\":\"BreadcrumbList\",\"@id\":\"https:\\\/\\\/friisvegen.no\\\/no\\\/arrangere-selskap\\\/#breadcrumb\",\"itemListElement\":[{\"@type\":\"ListItem\",\"position\":1,\"name\":\"Home\",\"item\":\"https:\\\/\\\/friisvegen.no\\\/no\\\/hjem\\\/\"},{\"@type\":\"ListItem\",\"position\":2,\"name\":\"Arrangere &#8211; Selskap\"}]},{\"@type\":\"WebSite\",\"@id\":\"https:\\\/\\\/friisvegen.no\\\/no\\\/#website\",\"url\":\"https:\\\/\\\/friisvegen.no\\\/no\\\/\",\"name\":\"Friisvegen M\u00e5s\u00e5plassen\",\"description\":\"a place where magical moments can be found in nature\",\"potentialAction\":[{\"@type\":\"SearchAction\",\"target\":{\"@type\":\"EntryPoint\",\"urlTemplate\":\"https:\\\/\\\/friisvegen.no\\\/no\\\/?s={search_term_string}\"},\"query-input\":{\"@type\":\"PropertyValueSpecification\",\"valueRequired\":true,\"valueName\":\"search_term_string\"}}],\"inLanguage\":\"nb-NO\"}]}<\/script>\n<!-- \/ Yoast SEO plugin. -->","yoast_head_json":{"title":"Arrangere - Selskap &#8226; Friisvegen M\u00e5s\u00e5plassen","robots":{"index":"index","follow":"follow","max-snippet":"max-snippet:-1","max-image-preview":"max-image-preview:large","max-video-preview":"max-video-preview:-1"},"canonical":"https:\/\/friisvegen.no\/no\/arrangere-selskap\/","og_locale":"nb_NO","og_type":"article","og_title":"Arrangere - Selskap &#8226; Friisvegen M\u00e5s\u00e5plassen","og_description":"\u00a0SlektstreffEnten det er s\u00f8skenbarntreff eller en feiring for et familiemedlem \u2013 Friisvegen M\u00e5s\u00e5plassen er et perfekt sted \u00e5 samles. Ved ledig kapasitet kan dere reservere restauranten for et privat arrangement. Da kan taler og andre markeringer foreg\u00e5 uforstyrret. Kombinasjonen av god mat, vakker fjellnatur, stemningsfulle lokaler og gode senger gir grunnlaget for et hyggelig opphold [&hellip;]","og_url":"https:\/\/friisvegen.no\/no\/arrangere-selskap\/","og_site_name":"Friisvegen M\u00e5s\u00e5plassen","article_publisher":"https:\/\/www.facebook.com\/Ftmasaplassen","article_modified_time":"2025-06-03T06:25:58+00:00","og_image":[{"width":1920,"height":720,"url":"https:\/\/friisvegen.no\/wp-content\/uploads\/2025\/05\/event2025-header-2.jpg","type":"image\/jpeg"}],"twitter_card":"summary_large_image","twitter_misc":{"Ansl. lesetid":"3 minutter"},"schema":{"@context":"https:\/\/schema.org","@graph":[{"@type":"WebPage","@id":"https:\/\/friisvegen.no\/no\/arrangere-selskap\/","url":"https:\/\/friisvegen.no\/no\/arrangere-selskap\/","name":"Arrangere - Selskap &#8226; Friisvegen M\u00e5s\u00e5plassen","isPartOf":{"@id":"https:\/\/friisvegen.no\/no\/#website"},"primaryImageOfPage":{"@id":"https:\/\/friisvegen.no\/no\/arrangere-selskap\/#primaryimage"},"image":{"@id":"https:\/\/friisvegen.no\/no\/arrangere-selskap\/#primaryimage"},"thumbnailUrl":"https:\/\/friisvegen.no\/wp-content\/uploads\/2025\/05\/event2025-header-2.jpg","datePublished":"2025-06-03T06:18:19+00:00","dateModified":"2025-06-03T06:25:58+00:00","breadcrumb":{"@id":"https:\/\/friisvegen.no\/no\/arrangere-selskap\/#breadcrumb"},"inLanguage":"nb-NO","potentialAction":[{"@type":"ReadAction","target":["https:\/\/friisvegen.no\/no\/arrangere-selskap\/"]}]},{"@type":"ImageObject","inLanguage":"nb-NO","@id":"https:\/\/friisvegen.no\/no\/arrangere-selskap\/#primaryimage","url":"https:\/\/friisvegen.no\/wp-content\/uploads\/2025\/05\/event2025-header-2.jpg","contentUrl":"https:\/\/friisvegen.no\/wp-content\/uploads\/2025\/05\/event2025-header-2.jpg","width":1920,"height":720},{"@type":"BreadcrumbList","@id":"https:\/\/friisvegen.no\/no\/arrangere-selskap\/#breadcrumb","itemListElement":[{"@type":"ListItem","position":1,"name":"Home","item":"https:\/\/friisvegen.no\/no\/hjem\/"},{"@type":"ListItem","position":2,"name":"Arrangere &#8211; Selskap"}]},{"@type":"WebSite","@id":"https:\/\/friisvegen.no\/no\/#website","url":"https:\/\/friisvegen.no\/no\/","name":"Friisvegen M\u00e5s\u00e5plassen","description":"a place where magical moments can be found in nature","potentialAction":[{"@type":"SearchAction","target":{"@type":"EntryPoint","urlTemplate":"https:\/\/friisvegen.no\/no\/?s={search_term_string}"},"query-input":{"@type":"PropertyValueSpecification","valueRequired":true,"valueName":"search_term_string"}}],"inLanguage":"nb-NO"}]}},"_links":{"self":[{"href":"https:\/\/friisvegen.no\/no\/wp-json\/wp\/v2\/pages\/137002","targetHints":{"allow":["GET"]}}],"collection":[{"href":"https:\/\/friisvegen.no\/no\/wp-json\/wp\/v2\/pages"}],"about":[{"href":"https:\/\/friisvegen.no\/no\/wp-json\/wp\/v2\/types\/page"}],"author":[{"embeddable":true,"href":"https:\/\/friisvegen.no\/no\/wp-json\/wp\/v2\/users\/1"}],"replies":[{"embeddable":true,"href":"https:\/\/friisvegen.no\/no\/wp-json\/wp\/v2\/comments?post=137002"}],"version-history":[{"count":7,"href":"https:\/\/friisvegen.no\/no\/wp-json\/wp\/v2\/pages\/137002\/revisions"}],"predecessor-version":[{"id":137266,"href":"https:\/\/friisvegen.no\/no\/wp-json\/wp\/v2\/pages\/137002\/revisions\/137266"}],"wp:featuredmedia":[{"embeddable":true,"href":"https:\/\/friisvegen.no\/no\/wp-json\/wp\/v2\/media\/136988"}],"wp:attachment":[{"href":"https:\/\/friisvegen.no\/no\/wp-json\/wp\/v2\/media?parent=137002"}],"curies":[{"name":"wp","href":"https:\/\/api.w.org\/{rel}","templated":true}]}}