{"id":10128,"date":"2023-01-02T15:40:28","date_gmt":"2023-01-02T15:40:28","guid":{"rendered":"https:\/\/friisvegen.no\/tours-and-courses\/"},"modified":"2025-06-02T11:41:17","modified_gmt":"2025-06-02T10:41:17","slug":"tours-and-courses","status":"publish","type":"page","link":"https:\/\/friisvegen.no\/no\/tours-and-courses\/","title":{"rendered":"Aktiviteter"},"content":{"rendered":"\n<h2 class=\"wp-block-heading\" id=\"summer\">Aktiviteter sommer<\/h2>\n\n\n<p data-start=\"214\" data-end=\"229\"><strong data-start=\"218\" data-end=\"227\">Fiske<br \/><\/strong>Opplev noe av Norges beste ferskvannsfiske \u2013 spesielt for deg som elsker fluefiske. I omr\u00e5det finner du flere fiskearter, blant annet \u00f8rret, r\u00f8ye og abbor. Her m\u00f8tes b\u00e5de erfarne sportsfiskere og barnefamilier som nyter kvelden rundt b\u00e5let etter en dag ved vannet.<\/p>\n<p data-start=\"496\" data-end=\"650\">Husk \u00e5 kj\u00f8pe fiskekort \u2013 det f\u00e5r du hos oss. I butikken v\u00e5r finner du ogs\u00e5 et lite utvalg av fiskeutstyr, perfekt for b\u00e5de nybegynnere og erfarne fiskere.<\/p>\n<p data-start=\"652\" data-end=\"808\">\u00d8nsker du en mer tilrettelagt opplevelse? Vi hjelper deg gjerne med \u00e5 komme i kontakt med lokale guider som kan gi deg en trygg og minnerik fiskeopplevelse.<\/p>\n<p data-start=\"815\" data-end=\"832\"><strong data-start=\"819\" data-end=\"830\">Sykling<br \/><\/strong>Elsker du \u00e5 utforske naturen p\u00e5 sykkel? Da vil du trives her! Regionen byr p\u00e5 et variert nettverk av sykkelruter \u2013 b\u00e5de p\u00e5 vei og i terrenget \u2013 som passer alle ferdighetsniv\u00e5er.<\/p>\n<p data-start=\"1013\" data-end=\"1168\">Du kan ta med din egen sykkel, leie hos oss, eller bli med p\u00e5 en organisert sykkeltur. Uansett hva du foretrekker, hjelper vi deg gjerne med planleggingen.<\/p>\n<p data-start=\"1170\" data-end=\"1240\">Gj\u00f8r deg klar for en uforglemmelig sykkelopplevelse i storsl\u00e5tt natur!<\/p>\n<p data-start=\"1170\" data-end=\"1240\"><strong>Rafting<\/strong><br \/>Sjoa, ligger 50 minutters kj\u00f8ring fra M\u00e5s\u00e5plassen, og er et popul\u00e6rt reisem\u00e5l for vannaktiviteter som rafting, kajakkpadling, riverboarding, kanopadling og er kjent for \u00e5 v\u00e6re en av Europas beste elver for rafting. Ikke bare er Sjoa actionfylt, men det er ogs\u00e5 vakkert. Krystallklart bl\u00e5tt vann og h\u00f8ye juv gj\u00f8r turen helt spesiell. Vi har et bredt utvalg av raftingturer, og garantert noe som passer deg.<\/p>\n<p data-start=\"1170\" data-end=\"1240\">\u00a0<\/p>","protected":false},"excerpt":{"rendered":"<p>Aktiviteter sommer FiskeOpplev noe av Norges beste ferskvannsfiske \u2013 spesielt for deg som elsker fluefiske. I omr\u00e5det finner du flere fiskearter, blant annet \u00f8rret, r\u00f8ye og abbor. Her m\u00f8tes b\u00e5de erfarne sportsfiskere og barnefamilier som nyter kvelden rundt b\u00e5let etter en dag ved vannet. Husk \u00e5 kj\u00f8pe fiskekort \u2013 det f\u00e5r du hos oss. I [&hellip;]<\/p>\n","protected":false},"author":1,"featured_media":10017,"parent":0,"menu_order":58,"comment_status":"closed","ping_status":"closed","template":"kolom-page.php","meta":{"_acf_changed":false,"footnotes":""},"class_list":["post-10128","page","type-page","status-publish","has-post-thumbnail","hentry"],"acf":[],"yoast_head":"<!-- This site is optimized with the Yoast SEO plugin v27.5 - https:\/\/yoast.com\/product\/yoast-seo-wordpress\/ -->\n<title>Aktiviteter &#8226; Friisvegen M\u00e5s\u00e5plassen<\/title>\n<meta name=\"robots\" content=\"index, follow, max-snippet:-1, max-image-preview:large, max-video-preview:-1\" \/>\n<link rel=\"canonical\" href=\"https:\/\/friisvegen.no\/no\/tours-and-courses\/\" \/>\n<meta property=\"og:locale\" content=\"nb_NO\" \/>\n<meta property=\"og:type\" content=\"article\" \/>\n<meta property=\"og:title\" content=\"Aktiviteter &#8226; Friisvegen M\u00e5s\u00e5plassen\" \/>\n<meta property=\"og:description\" content=\"Aktiviteter sommer FiskeOpplev noe av Norges beste ferskvannsfiske \u2013 spesielt for deg som elsker fluefiske. I omr\u00e5det finner du flere fiskearter, blant annet \u00f8rret, r\u00f8ye og abbor. Her m\u00f8tes b\u00e5de erfarne sportsfiskere og barnefamilier som nyter kvelden rundt b\u00e5let etter en dag ved vannet. Husk \u00e5 kj\u00f8pe fiskekort \u2013 det f\u00e5r du hos oss. I [&hellip;]\" \/>\n<meta property=\"og:url\" content=\"https:\/\/friisvegen.no\/no\/tours-and-courses\/\" \/>\n<meta property=\"og:site_name\" content=\"Friisvegen M\u00e5s\u00e5plassen\" \/>\n<meta property=\"article:publisher\" content=\"https:\/\/www.facebook.com\/Ftmasaplassen\" \/>\n<meta property=\"article:modified_time\" content=\"2025-06-02T10:41:17+00:00\" \/>\n<meta property=\"og:image\" content=\"https:\/\/friisvegen.no\/wp-content\/uploads\/2023\/01\/activities-header-1.jpg\" \/>\n\t<meta property=\"og:image:width\" content=\"1920\" \/>\n\t<meta property=\"og:image:height\" content=\"720\" \/>\n\t<meta property=\"og:image:type\" content=\"image\/jpeg\" \/>\n<meta name=\"twitter:card\" content=\"summary_large_image\" \/>\n<meta name=\"twitter:label1\" content=\"Ansl. lesetid\" \/>\n\t<meta name=\"twitter:data1\" content=\"6 minutter\" \/>\n<script type=\"application\/ld+json\" class=\"yoast-schema-graph\">{\"@context\":\"https:\\\/\\\/schema.org\",\"@graph\":[{\"@type\":\"WebPage\",\"@id\":\"https:\\\/\\\/friisvegen.no\\\/no\\\/tours-and-courses\\\/\",\"url\":\"https:\\\/\\\/friisvegen.no\\\/no\\\/tours-and-courses\\\/\",\"name\":\"Aktiviteter &#8226; Friisvegen M\u00e5s\u00e5plassen\",\"isPartOf\":{\"@id\":\"https:\\\/\\\/friisvegen.no\\\/no\\\/#website\"},\"primaryImageOfPage\":{\"@id\":\"https:\\\/\\\/friisvegen.no\\\/no\\\/tours-and-courses\\\/#primaryimage\"},\"image\":{\"@id\":\"https:\\\/\\\/friisvegen.no\\\/no\\\/tours-and-courses\\\/#primaryimage\"},\"thumbnailUrl\":\"https:\\\/\\\/friisvegen.no\\\/wp-content\\\/uploads\\\/2023\\\/01\\\/activities-header-1.jpg\",\"datePublished\":\"2023-01-02T15:40:28+00:00\",\"dateModified\":\"2025-06-02T10:41:17+00:00\",\"breadcrumb\":{\"@id\":\"https:\\\/\\\/friisvegen.no\\\/no\\\/tours-and-courses\\\/#breadcrumb\"},\"inLanguage\":\"nb-NO\",\"potentialAction\":[{\"@type\":\"ReadAction\",\"target\":[\"https:\\\/\\\/friisvegen.no\\\/no\\\/tours-and-courses\\\/\"]}]},{\"@type\":\"ImageObject\",\"inLanguage\":\"nb-NO\",\"@id\":\"https:\\\/\\\/friisvegen.no\\\/no\\\/tours-and-courses\\\/#primaryimage\",\"url\":\"https:\\\/\\\/friisvegen.no\\\/wp-content\\\/uploads\\\/2023\\\/01\\\/activities-header-1.jpg\",\"contentUrl\":\"https:\\\/\\\/friisvegen.no\\\/wp-content\\\/uploads\\\/2023\\\/01\\\/activities-header-1.jpg\",\"width\":1920,\"height\":720},{\"@type\":\"BreadcrumbList\",\"@id\":\"https:\\\/\\\/friisvegen.no\\\/no\\\/tours-and-courses\\\/#breadcrumb\",\"itemListElement\":[{\"@type\":\"ListItem\",\"position\":1,\"name\":\"Home\",\"item\":\"https:\\\/\\\/friisvegen.no\\\/no\\\/hjem\\\/\"},{\"@type\":\"ListItem\",\"position\":2,\"name\":\"Aktiviteter\"}]},{\"@type\":\"WebSite\",\"@id\":\"https:\\\/\\\/friisvegen.no\\\/no\\\/#website\",\"url\":\"https:\\\/\\\/friisvegen.no\\\/no\\\/\",\"name\":\"Friisvegen M\u00e5s\u00e5plassen\",\"description\":\"a place where magical moments can be found in nature\",\"potentialAction\":[{\"@type\":\"SearchAction\",\"target\":{\"@type\":\"EntryPoint\",\"urlTemplate\":\"https:\\\/\\\/friisvegen.no\\\/no\\\/?s={search_term_string}\"},\"query-input\":{\"@type\":\"PropertyValueSpecification\",\"valueRequired\":true,\"valueName\":\"search_term_string\"}}],\"inLanguage\":\"nb-NO\"}]}<\/script>\n<!-- \/ Yoast SEO plugin. -->","yoast_head_json":{"title":"Aktiviteter &#8226; Friisvegen M\u00e5s\u00e5plassen","robots":{"index":"index","follow":"follow","max-snippet":"max-snippet:-1","max-image-preview":"max-image-preview:large","max-video-preview":"max-video-preview:-1"},"canonical":"https:\/\/friisvegen.no\/no\/tours-and-courses\/","og_locale":"nb_NO","og_type":"article","og_title":"Aktiviteter &#8226; Friisvegen M\u00e5s\u00e5plassen","og_description":"Aktiviteter sommer FiskeOpplev noe av Norges beste ferskvannsfiske \u2013 spesielt for deg som elsker fluefiske. I omr\u00e5det finner du flere fiskearter, blant annet \u00f8rret, r\u00f8ye og abbor. Her m\u00f8tes b\u00e5de erfarne sportsfiskere og barnefamilier som nyter kvelden rundt b\u00e5let etter en dag ved vannet. Husk \u00e5 kj\u00f8pe fiskekort \u2013 det f\u00e5r du hos oss. I [&hellip;]","og_url":"https:\/\/friisvegen.no\/no\/tours-and-courses\/","og_site_name":"Friisvegen M\u00e5s\u00e5plassen","article_publisher":"https:\/\/www.facebook.com\/Ftmasaplassen","article_modified_time":"2025-06-02T10:41:17+00:00","og_image":[{"width":1920,"height":720,"url":"https:\/\/friisvegen.no\/wp-content\/uploads\/2023\/01\/activities-header-1.jpg","type":"image\/jpeg"}],"twitter_card":"summary_large_image","twitter_misc":{"Ansl. lesetid":"6 minutter"},"schema":{"@context":"https:\/\/schema.org","@graph":[{"@type":"WebPage","@id":"https:\/\/friisvegen.no\/no\/tours-and-courses\/","url":"https:\/\/friisvegen.no\/no\/tours-and-courses\/","name":"Aktiviteter &#8226; Friisvegen M\u00e5s\u00e5plassen","isPartOf":{"@id":"https:\/\/friisvegen.no\/no\/#website"},"primaryImageOfPage":{"@id":"https:\/\/friisvegen.no\/no\/tours-and-courses\/#primaryimage"},"image":{"@id":"https:\/\/friisvegen.no\/no\/tours-and-courses\/#primaryimage"},"thumbnailUrl":"https:\/\/friisvegen.no\/wp-content\/uploads\/2023\/01\/activities-header-1.jpg","datePublished":"2023-01-02T15:40:28+00:00","dateModified":"2025-06-02T10:41:17+00:00","breadcrumb":{"@id":"https:\/\/friisvegen.no\/no\/tours-and-courses\/#breadcrumb"},"inLanguage":"nb-NO","potentialAction":[{"@type":"ReadAction","target":["https:\/\/friisvegen.no\/no\/tours-and-courses\/"]}]},{"@type":"ImageObject","inLanguage":"nb-NO","@id":"https:\/\/friisvegen.no\/no\/tours-and-courses\/#primaryimage","url":"https:\/\/friisvegen.no\/wp-content\/uploads\/2023\/01\/activities-header-1.jpg","contentUrl":"https:\/\/friisvegen.no\/wp-content\/uploads\/2023\/01\/activities-header-1.jpg","width":1920,"height":720},{"@type":"BreadcrumbList","@id":"https:\/\/friisvegen.no\/no\/tours-and-courses\/#breadcrumb","itemListElement":[{"@type":"ListItem","position":1,"name":"Home","item":"https:\/\/friisvegen.no\/no\/hjem\/"},{"@type":"ListItem","position":2,"name":"Aktiviteter"}]},{"@type":"WebSite","@id":"https:\/\/friisvegen.no\/no\/#website","url":"https:\/\/friisvegen.no\/no\/","name":"Friisvegen M\u00e5s\u00e5plassen","description":"a place where magical moments can be found in nature","potentialAction":[{"@type":"SearchAction","target":{"@type":"EntryPoint","urlTemplate":"https:\/\/friisvegen.no\/no\/?s={search_term_string}"},"query-input":{"@type":"PropertyValueSpecification","valueRequired":true,"valueName":"search_term_string"}}],"inLanguage":"nb-NO"}]}},"_links":{"self":[{"href":"https:\/\/friisvegen.no\/no\/wp-json\/wp\/v2\/pages\/10128","targetHints":{"allow":["GET"]}}],"collection":[{"href":"https:\/\/friisvegen.no\/no\/wp-json\/wp\/v2\/pages"}],"about":[{"href":"https:\/\/friisvegen.no\/no\/wp-json\/wp\/v2\/types\/page"}],"author":[{"embeddable":true,"href":"https:\/\/friisvegen.no\/no\/wp-json\/wp\/v2\/users\/1"}],"replies":[{"embeddable":true,"href":"https:\/\/friisvegen.no\/no\/wp-json\/wp\/v2\/comments?post=10128"}],"version-history":[{"count":29,"href":"https:\/\/friisvegen.no\/no\/wp-json\/wp\/v2\/pages\/10128\/revisions"}],"predecessor-version":[{"id":137247,"href":"https:\/\/friisvegen.no\/no\/wp-json\/wp\/v2\/pages\/10128\/revisions\/137247"}],"wp:featuredmedia":[{"embeddable":true,"href":"https:\/\/friisvegen.no\/no\/wp-json\/wp\/v2\/media\/10017"}],"wp:attachment":[{"href":"https:\/\/friisvegen.no\/no\/wp-json\/wp\/v2\/media?parent=10128"}],"curies":[{"name":"wp","href":"https:\/\/api.w.org\/{rel}","templated":true}]}}